{"id":1712,"date":"2021-08-20T13:49:57","date_gmt":"2021-08-20T13:49:57","guid":{"rendered":"https:\/\/open-boat-projects.org\/?page_id=1712"},"modified":"2024-02-07T18:51:03","modified_gmt":"2024-02-07T18:51:03","slug":"universelle-windsensor-firmware","status":"publish","type":"page","link":"https:\/\/open-boat-projects.org\/de\/universelle-windsensor-firmware\/","title":{"rendered":"Universelle Windsensor Firmware"},"content":{"rendered":"<p><a href=\"https:\/\/open-boat-projects.org\/wichtige-hinweise\/\" target=\"_blank\" rel=\"noopener\"><em><strong>Vorab ein paar wichtige Hinweise die sie unbedingt beachten sollten.<\/strong><\/em><\/a><\/p>\n<p><img loading=\"lazy\" decoding=\"async\" class=\"alignnone size-medium wp-image-357\" src=\"https:\/\/open-boat-projects.org\/wp-content\/uploads\/2019\/12\/AppStart-169x300.png\" alt=\"\" width=\"169\" height=\"300\" srcset=\"https:\/\/open-boat-projects.org\/wp-content\/uploads\/2019\/12\/AppStart-169x300.png 169w, https:\/\/open-boat-projects.org\/wp-content\/uploads\/2019\/12\/AppStart.png 280w\" sizes=\"auto, (max-width: 169px) 100vw, 169px\" \/> <img loading=\"lazy\" decoding=\"async\" class=\"alignnone size-medium wp-image-359\" src=\"https:\/\/open-boat-projects.org\/wp-content\/uploads\/2019\/12\/AppInstrument1-169x300.png\" alt=\"\" width=\"169\" height=\"300\" srcset=\"https:\/\/open-boat-projects.org\/wp-content\/uploads\/2019\/12\/AppInstrument1-169x300.png 169w, https:\/\/open-boat-projects.org\/wp-content\/uploads\/2019\/12\/AppInstrument1.png 280w\" sizes=\"auto, (max-width: 169px) 100vw, 169px\" \/> <img loading=\"lazy\" decoding=\"async\" class=\"alignnone size-medium wp-image-356\" src=\"https:\/\/open-boat-projects.org\/wp-content\/uploads\/2019\/12\/AppInstrument2-169x300.png\" alt=\"\" width=\"169\" height=\"300\" srcset=\"https:\/\/open-boat-projects.org\/wp-content\/uploads\/2019\/12\/AppInstrument2-169x300.png 169w, https:\/\/open-boat-projects.org\/wp-content\/uploads\/2019\/12\/AppInstrument2.png 280w\" sizes=\"auto, (max-width: 169px) 100vw, 169px\" \/><\/p>\n<p>Die universelle Windsensor Firmware unterst\u00fctzt verschiedene Windsensoren. Sie basiert auf der Firmware zum <a href=\"https:\/\/open-boat-projects.org\/diy-windsensor\/\">DIY Windsensor WiFi 1000<\/a> und wurde entsprechend um weiter Windsensor-Typen erweitert. Dabei k\u00f6nnen unterschiedliche Sensorarten, wie analog, magnetisch und digital angebunden werden. In der Firmware wird der entsprechende Windsensor ausgew\u00e4hlt. Weitere Einstellungen m\u00fcssen nicht vorgenommen werden. Durch die Unterst\u00fctzung kommerzieller Sensoren k\u00f6nnen deren Produkteigenschaften verbessert werden, da neben der kabelgebunden Daten\u00fcbertragung auch eine \u00dcbertragung per WiFi m\u00f6glich ist.<\/p>\n<p><strong>Folgende DIY Windsensoren werden derzeit unterst\u00fctzt:<\/strong><\/p>\n<table style=\"border-collapse: collapse; width: 100%; height: 221px;\">\n<tbody>\n<tr style=\"height: 75px;\">\n<td style=\"width: 12.2921%; height: 75px;\"><img loading=\"lazy\" decoding=\"async\" class=\"alignnone wp-image-1724\" src=\"https:\/\/open-boat-projects.org\/wp-content\/uploads\/2021\/08\/Windsensor2kl-300x202.png\" alt=\"\" width=\"102\" height=\"69\" srcset=\"https:\/\/open-boat-projects.org\/wp-content\/uploads\/2021\/08\/Windsensor2kl-300x202.png 300w, https:\/\/open-boat-projects.org\/wp-content\/uploads\/2021\/08\/Windsensor2kl-18x12.png 18w, https:\/\/open-boat-projects.org\/wp-content\/uploads\/2021\/08\/Windsensor2kl.png 600w\" sizes=\"auto, (max-width: 102px) 100vw, 102px\" \/><\/td>\n<td style=\"width: 87.6356%; height: 75px;\"><a href=\"https:\/\/open-boat-projects.org\/diy-windsensor\/\">WiFi 1000<\/a> (ESP8266, 2x Hallsensor)<\/td>\n<\/tr>\n<tr style=\"height: 71px;\">\n<td style=\"width: 12.2921%; height: 71px;\"><img loading=\"lazy\" decoding=\"async\" class=\"alignnone wp-image-1716\" src=\"https:\/\/open-boat-projects.org\/wp-content\/uploads\/2021\/08\/Winds_II_Foto.jpg\" alt=\"\" width=\"101\" height=\"65\" srcset=\"https:\/\/open-boat-projects.org\/wp-content\/uploads\/2021\/08\/Winds_II_Foto.jpg 300w, https:\/\/open-boat-projects.org\/wp-content\/uploads\/2021\/08\/Winds_II_Foto-18x12.jpg 18w\" sizes=\"auto, (max-width: 101px) 100vw, 101px\" \/><\/td>\n<td style=\"width: 87.6356%; height: 71px;\"><a href=\"https:\/\/gitlab.com\/norbertwalter67\/windsensor_yachta\" target=\"_blank\" rel=\"noopener\">Yachta V1.0<\/a> (ESP8266, 1x Hallsensor, 1x AS5600 Magnetfeld-Rotations-Sensor)<\/td>\n<\/tr>\n<tr style=\"height: 75px;\">\n<td style=\"width: 12.2921%; height: 75px;\"><img loading=\"lazy\" decoding=\"async\" class=\"alignnone wp-image-1715\" src=\"https:\/\/open-boat-projects.org\/wp-content\/uploads\/2021\/08\/Winds_III_Foto.jpg\" alt=\"\" width=\"99\" height=\"69\" srcset=\"https:\/\/open-boat-projects.org\/wp-content\/uploads\/2021\/08\/Winds_III_Foto.jpg 300w, https:\/\/open-boat-projects.org\/wp-content\/uploads\/2021\/08\/Winds_III_Foto-18x12.jpg 18w\" sizes=\"auto, (max-width: 99px) 100vw, 99px\" \/><\/td>\n<td style=\"width: 87.6356%; height: 75px;\"><a href=\"https:\/\/github.com\/jukolein\/NMEA0183-Windsensor\" target=\"_blank\" rel=\"noopener\">Jukolein V1.0<\/a> (ESP8266, 1x Hallsensor, 1x AS5600 Magnetfeld-Rotations-Sensor)<\/td>\n<\/tr>\n<tr>\n<td style=\"width: 12.2921%;\"><img loading=\"lazy\" decoding=\"async\" class=\"alignnone wp-image-1713\" src=\"https:\/\/open-boat-projects.org\/wp-content\/uploads\/2021\/08\/Ventus_W132-300x300.jpg\" alt=\"\" width=\"100\" height=\"100\" srcset=\"https:\/\/open-boat-projects.org\/wp-content\/uploads\/2021\/08\/Ventus_W132-300x300.jpg 300w, https:\/\/open-boat-projects.org\/wp-content\/uploads\/2021\/08\/Ventus_W132-1024x1024.jpg 1024w, https:\/\/open-boat-projects.org\/wp-content\/uploads\/2021\/08\/Ventus_W132-150x150.jpg 150w, https:\/\/open-boat-projects.org\/wp-content\/uploads\/2021\/08\/Ventus_W132-768x768.jpg 768w, https:\/\/open-boat-projects.org\/wp-content\/uploads\/2021\/08\/Ventus_W132-1536x1536.jpg 1536w, https:\/\/open-boat-projects.org\/wp-content\/uploads\/2021\/08\/Ventus_W132-12x12.jpg 12w, https:\/\/open-boat-projects.org\/wp-content\/uploads\/2021\/08\/Ventus_W132.jpg 1600w\" sizes=\"auto, (max-width: 100px) 100vw, 100px\" \/><\/td>\n<td style=\"width: 87.6356%;\">Ventus W132 (mit \u00c4nderungen am Windsensor, externes Board, ESP8266, 1x Reed-Schalter, 1x AS5600 Magnetfeld-Rotations-Sensor, 1x BME280 Umweltsensor)<\/td>\n<\/tr>\n<\/tbody>\n<\/table>\n<p><strong>Zuk\u00fcnftig sollen folgende kommerzielle Windsensoren dazu kommen:<\/strong><\/p>\n<table style=\"border-collapse: collapse; width: 100%;\">\n<tbody>\n<tr>\n<td style=\"width: 12.5452%;\"><img loading=\"lazy\" decoding=\"async\" class=\"alignnone wp-image-1714\" src=\"https:\/\/open-boat-projects.org\/wp-content\/uploads\/2021\/08\/Davis_Windfahne_6410-279x300.jpg\" alt=\"\" width=\"105\" height=\"113\" srcset=\"https:\/\/open-boat-projects.org\/wp-content\/uploads\/2021\/08\/Davis_Windfahne_6410-279x300.jpg 279w, https:\/\/open-boat-projects.org\/wp-content\/uploads\/2021\/08\/Davis_Windfahne_6410-951x1024.jpg 951w, https:\/\/open-boat-projects.org\/wp-content\/uploads\/2021\/08\/Davis_Windfahne_6410-768x827.jpg 768w, https:\/\/open-boat-projects.org\/wp-content\/uploads\/2021\/08\/Davis_Windfahne_6410-11x12.jpg 11w, https:\/\/open-boat-projects.org\/wp-content\/uploads\/2021\/08\/Davis_Windfahne_6410.jpg 1000w\" sizes=\"auto, (max-width: 105px) 100vw, 105px\" \/><\/td>\n<td style=\"width: 87.4548%;\">Davis Vintage Pro 2 (keine \u00c4nderungen am Windsensor, externes Board, ESP32, 1x Analog, 1x Hallsensor)<\/td>\n<\/tr>\n<tr>\n<td style=\"width: 12.5452%;\"><img loading=\"lazy\" decoding=\"async\" class=\"alignnone wp-image-1717\" src=\"https:\/\/open-boat-projects.org\/wp-content\/uploads\/2021\/08\/NASA_Clipper_Windsensor-300x246.jpg\" alt=\"\" width=\"110\" height=\"90\" srcset=\"https:\/\/open-boat-projects.org\/wp-content\/uploads\/2021\/08\/NASA_Clipper_Windsensor-300x246.jpg 300w, https:\/\/open-boat-projects.org\/wp-content\/uploads\/2021\/08\/NASA_Clipper_Windsensor-768x629.jpg 768w, https:\/\/open-boat-projects.org\/wp-content\/uploads\/2021\/08\/NASA_Clipper_Windsensor-15x12.jpg 15w, https:\/\/open-boat-projects.org\/wp-content\/uploads\/2021\/08\/NASA_Clipper_Windsensor.jpg 800w\" sizes=\"auto, (max-width: 110px) 100vw, 110px\" \/><\/td>\n<td style=\"width: 87.4548%;\">NASA \/ Clipper Windsensor (neues PCB-Borad im Windsensor, ESP8266, 1x Hallsensor, 1x AS5600 Magnetfeld-Rotations-Sensor)<\/td>\n<\/tr>\n<\/tbody>\n<\/table>\n<p><strong>Anschluss-Schema<br \/>\n<\/strong><\/p>\n<p><a href=\"https:\/\/open-boat-projects.org\/wp-content\/uploads\/2021\/04\/Wemos_D1_mini.png\" target=\"_blank\" rel=\"noopener\"><img loading=\"lazy\" decoding=\"async\" class=\"alignnone wp-image-1396\" src=\"https:\/\/open-boat-projects.org\/wp-content\/uploads\/2021\/04\/Wemos_D1_mini-300x198.png\" alt=\"\" width=\"472\" height=\"312\" srcset=\"https:\/\/open-boat-projects.org\/wp-content\/uploads\/2021\/04\/Wemos_D1_mini-300x198.png 300w, https:\/\/open-boat-projects.org\/wp-content\/uploads\/2021\/04\/Wemos_D1_mini-768x507.png 768w, https:\/\/open-boat-projects.org\/wp-content\/uploads\/2021\/04\/Wemos_D1_mini-16x12.png 16w, https:\/\/open-boat-projects.org\/wp-content\/uploads\/2021\/04\/Wemos_D1_mini.png 1000w\" sizes=\"auto, (max-width: 472px) 100vw, 472px\" \/><\/a><\/p>\n<p>Abb: Wemos D1 mini<\/p>\n<p><strong>Eingangsbelegung<\/strong><\/p>\n<table style=\"border-collapse: collapse; width: 46.9981%; height: 492px;\">\n<tbody>\n<tr>\n<td style=\"width: 21.2329%;\"><strong>Sensor-Typ<\/strong><\/td>\n<td style=\"width: 26.0274%;\"><strong>Windgeschwindigkeit<\/strong><\/td>\n<td style=\"width: 23.8314%;\"><strong>Windrichtung<\/strong><\/td>\n<td style=\"width: 16.4426%;\"><strong>Temperatur<br \/>\n<\/strong><\/td>\n<\/tr>\n<tr>\n<td style=\"width: 21.2329%;\">WiFi 1000<\/td>\n<td style=\"width: 26.0274%;\"><strong>GPIO5<\/strong> Hall-Sensor<\/td>\n<td style=\"width: 23.8314%;\"><strong>GPIO4<\/strong> Hall-Sensor<\/td>\n<td style=\"width: 16.4426%;\"><strong>GPIO12<\/strong> (1Wire) optional<\/td>\n<\/tr>\n<tr>\n<td style=\"width: 21.2329%;\">Yachta (Udo)<\/td>\n<td style=\"width: 26.0274%;\"><strong>GPIO2<\/strong> Hall-Sensor<\/td>\n<td style=\"width: 23.8314%;\"><strong>GPIO5<\/strong> (SCL) AS5600<sup>*<\/sup><\/p>\n<p><strong>GPIO4<\/strong> (SDA) AS5600<sup>*<\/sup><\/td>\n<td style=\"width: 16.4426%;\"><strong>GPIO12<\/strong> (1Wire)<\/td>\n<\/tr>\n<tr>\n<td style=\"width: 21.2329%;\">Yachta V1.1<\/td>\n<td style=\"width: 26.0274%;\"><strong>GPIO14 Hall-Sensor<\/strong><\/td>\n<td style=\"width: 23.8314%;\"><strong>GPIO5<\/strong> (SCL) AS5600<sup>*<\/sup><\/p>\n<p><strong>GPIO4<\/strong> (SDA) AS5600<sup>*<\/sup><\/td>\n<td style=\"width: 16.4426%;\"><strong>GPIO12 (1Wire)<\/strong><\/td>\n<\/tr>\n<tr>\n<td style=\"width: 21.2329%;\">Yachta V2.0<\/td>\n<td style=\"width: 26.0274%;\"><strong>GPIO14 Hall-Sensor<\/strong><\/td>\n<td style=\"width: 23.8314%;\"><strong>GPIO5<\/strong> (SCL) MT6701<sup>*<\/sup><\/p>\n<p><strong>GPIO4<\/strong> (SDA) MT670<sup>1*<\/sup><\/p>\n<p>&nbsp;<\/td>\n<td style=\"width: 16.4426%;\"><strong>GPIO12 (1Wire)<\/strong><\/td>\n<\/tr>\n<tr>\n<td style=\"width: 21.2329%;\">Jukolein<\/td>\n<td style=\"width: 26.0274%;\"><strong>GPIO2<\/strong> Hall-Sensor<\/td>\n<td style=\"width: 23.8314%;\"><strong>GPIO5<\/strong> (SCL) AS5600<sup>*<\/sup><\/p>\n<p><strong>GPIO4<\/strong> (SDA) AS5600<sup>*<\/sup><\/td>\n<td style=\"width: 16.4426%;\"><strong>GPIO12<\/strong> (1Wire)<\/td>\n<\/tr>\n<tr>\n<td style=\"width: 21.2329%;\">Davis Vintages Pro 2<\/td>\n<td style=\"width: 26.0274%;\"><strong>GPIO7<\/strong> Hall-Sensor<\/td>\n<td style=\"width: 23.8314%;\"><strong>A0<\/strong> (Analog)<\/td>\n<td style=\"width: 16.4426%;\"><strong>GPIO12<\/strong> (1Wire) optional<\/td>\n<\/tr>\n<tr>\n<td style=\"width: 21.2329%;\">Ventus W132<\/td>\n<td style=\"width: 26.0274%;\"><strong>GPIO14<\/strong> Reed-Schalter<sup>*<\/sup><sup>**<\/sup><\/td>\n<td style=\"width: 23.8314%;\"><strong>GPIO5<\/strong> (SCL) AS5600<sup>*<\/sup> ,BME280<sup>*<\/sup><sup>*<\/sup><\/p>\n<p><strong>GPIO4<\/strong> (SDA) AS5600<sup>*<\/sup> ,BME280<sup>*<\/sup><sup>*<\/sup><\/td>\n<td style=\"width: 16.4426%;\"><strong>GPIO12<\/strong> (1Wire) optional<\/td>\n<\/tr>\n<tr>\n<td style=\"width: 21.2329%;\">NASA\/Clipper V1.0<\/td>\n<td style=\"width: 26.0274%;\"><strong>GPIO7<\/strong> Hall-Sensor<\/td>\n<td style=\"width: 23.8314%;\"><strong>GPIO5<\/strong> (SCL) AS5600<sup>*<\/sup><\/p>\n<p><strong>GPIO4<\/strong> (SDA) AS5600<sup>*<\/sup><\/td>\n<td style=\"width: 16.4426%;\"><strong>GPIO12<\/strong> (1Wire) optional<\/td>\n<\/tr>\n<\/tbody>\n<\/table>\n<p>Anmerkung: <sup>*<\/sup>AS5600 I2C-Adresse 0x36, <sup>*<\/sup><sup>*<\/sup> BME280 I2C Adresse 0x76, <sup>*<\/sup><sup>**<\/sup>Pullup 10k und 100n Entst\u00f6r-Kondensator<\/p>\n","protected":false},"excerpt":{"rendered":"<p>Vorab ein paar wichtige Hinweise die sie unbedingt beachten sollten. Die universelle Windsensor Firmware unterst\u00fctzt verschiedene Windsensoren. Sie basiert auf der Firmware zum DIY Windsensor WiFi 1000 und wurde entsprechend um weiter Windsensor-Typen erweitert. Dabei k\u00f6nnen unterschiedliche Sensorarten, wie analog, magnetisch und digital angebunden werden. In der Firmware wird der entsprechende Windsensor ausgew\u00e4hlt. Weitere Einstellungen&hellip; <a href=\"https:\/\/open-boat-projects.org\/de\/universelle-windsensor-firmware\/\" class=\"more-link\">Weiterlesen <span class=\"screen-reader-text\">Universelle Windsensor Firmware<\/span><\/a><\/p>\n","protected":false},"author":2,"featured_media":0,"parent":0,"menu_order":0,"comment_status":"closed","ping_status":"closed","template":"","meta":{"footnotes":""},"categories":[40,39,37],"tags":[],"class_list":["post-1712","page","type-page","status-publish","hentry","category-openhardware","category-opensource","category-projects"],"_links":{"self":[{"href":"https:\/\/open-boat-projects.org\/de\/wp-json\/wp\/v2\/pages\/1712","targetHints":{"allow":["GET"]}}],"collection":[{"href":"https:\/\/open-boat-projects.org\/de\/wp-json\/wp\/v2\/pages"}],"about":[{"href":"https:\/\/open-boat-projects.org\/de\/wp-json\/wp\/v2\/types\/page"}],"author":[{"embeddable":true,"href":"https:\/\/open-boat-projects.org\/de\/wp-json\/wp\/v2\/users\/2"}],"replies":[{"embeddable":true,"href":"https:\/\/open-boat-projects.org\/de\/wp-json\/wp\/v2\/comments?post=1712"}],"version-history":[{"count":28,"href":"https:\/\/open-boat-projects.org\/de\/wp-json\/wp\/v2\/pages\/1712\/revisions"}],"predecessor-version":[{"id":5380,"href":"https:\/\/open-boat-projects.org\/de\/wp-json\/wp\/v2\/pages\/1712\/revisions\/5380"}],"wp:attachment":[{"href":"https:\/\/open-boat-projects.org\/de\/wp-json\/wp\/v2\/media?parent=1712"}],"wp:term":[{"taxonomy":"category","embeddable":true,"href":"https:\/\/open-boat-projects.org\/de\/wp-json\/wp\/v2\/categories?post=1712"},{"taxonomy":"post_tag","embeddable":true,"href":"https:\/\/open-boat-projects.org\/de\/wp-json\/wp\/v2\/tags?post=1712"}],"curies":[{"name":"wp","href":"https:\/\/api.w.org\/{rel}","templated":true}]}}