{"id":1692,"date":"2021-07-28T09:27:47","date_gmt":"2021-07-28T09:27:47","guid":{"rendered":"https:\/\/open-boat-projects.org\/?page_id=1692"},"modified":"2022-01-20T21:52:11","modified_gmt":"2022-01-20T21:52:11","slug":"fernbedienung-fuer-ankerwinsch","status":"publish","type":"page","link":"https:\/\/open-boat-projects.org\/de\/fernbedienung-fuer-ankerwinsch\/","title":{"rendered":"Fernbedienung f\u00fcr Ankerwinch"},"content":{"rendered":"<p><a href=\"https:\/\/open-boat-projects.org\/wichtige-hinweise\/\" target=\"_blank\" rel=\"noopener\"><em><strong>Vorab ein paar wichtige Hinweise die sie unbedingt beachten sollten.<\/strong><\/em><\/a><\/p>\n<p><img loading=\"lazy\" decoding=\"async\" class=\"alignnone wp-image-1695 size-large\" src=\"https:\/\/open-boat-projects.org\/wp-content\/uploads\/2021\/07\/Fernbedienung_2Ch_433MHz_1-1024x680.jpg\" alt=\"\" width=\"952\" height=\"632\" srcset=\"https:\/\/open-boat-projects.org\/wp-content\/uploads\/2021\/07\/Fernbedienung_2Ch_433MHz_1-1024x680.jpg 1024w, https:\/\/open-boat-projects.org\/wp-content\/uploads\/2021\/07\/Fernbedienung_2Ch_433MHz_1-300x199.jpg 300w, https:\/\/open-boat-projects.org\/wp-content\/uploads\/2021\/07\/Fernbedienung_2Ch_433MHz_1-768x510.jpg 768w, https:\/\/open-boat-projects.org\/wp-content\/uploads\/2021\/07\/Fernbedienung_2Ch_433MHz_1-16x12.jpg 16w, https:\/\/open-boat-projects.org\/wp-content\/uploads\/2021\/07\/Fernbedienung_2Ch_433MHz_1.jpg 1188w\" sizes=\"auto, (max-width: 952px) 100vw, 952px\" \/><\/p>\n<p>Abb: Funkfernbedienung<\/p>\n<p>Oft ist es so, dass die Ankerwinch nur \u00fcber fest verbaute Schalter bedient werden kann und die Schalter so angebracht sind, dass man den Ankerfall bzw. das Aufholen nicht richtig einsehen kann. Wesentlich praktischer ist der Einsatz einer zus\u00e4tzlichen Fernbedienung. Dadurch kann man von jedem beliebigen Ort aus die Ankerwinch bedienen und unterliegt keinen Einschr\u00e4nkungen mehr. Besonders f\u00fcr Einhandsegler ist das von gro\u00dfem Vorteil.<\/p>\n<p>Als L\u00f6sung bieten sich <a href=\"https:\/\/www.amazon.de\/dp\/B07SV69V38\/ref=cm_sw_r_cp_api_i_0H4SEQV5SB2YSNDJYWCK\" target=\"_blank\" rel=\"noopener\">Nachr\u00fcst-Baus\u00e4tze<\/a> an, die man in verschiedenen Varianten im Internet erwerben kann. Die Fernbedienung sollte mindestens \u00fcber zwei unabh\u00e4ngige Schaltkan\u00e4le verf\u00fcgen und einen Tippbetrieb erm\u00f6glichen. Man sollte darauf achten, dass die Fernbedienungs-Empfangseinheit \u00fcber potenzialfreie Schaltkontakte verf\u00fcgt (Relais). So l\u00e4sst sich die Fernbedienung durch einfaches parallel schalten der Schaltkontakte an den vorhandenen Schaltern einf\u00fcgen.<\/p>\n<p>Eigenschaften der Fernbedienung<\/p>\n<ul>\n<li>433 MHz Funktechnik<\/li>\n<li>2-Kanal (auf \/ ab)<\/li>\n<li>Tippbetrieb<\/li>\n<li>Reichweite ca. 30 m<\/li>\n<li>Funksender mit Batterie (12V, nicht wasserdicht)<\/li>\n<li>2 potenzialfreie Schaltkontakte als Ausgang<\/li>\n<li>Stromversorgung 12&#8230;24V<\/li>\n<li>Eigenverbrauch Empfangseinheit ca. 50 mA bei 12V<\/li>\n<\/ul>\n<p><img loading=\"lazy\" decoding=\"async\" class=\"alignnone wp-image-1696 size-large\" src=\"https:\/\/open-boat-projects.org\/wp-content\/uploads\/2021\/07\/Fernbedienung_2Ch_433MHz_3-1024x720.jpg\" alt=\"\" width=\"952\" height=\"669\" srcset=\"https:\/\/open-boat-projects.org\/wp-content\/uploads\/2021\/07\/Fernbedienung_2Ch_433MHz_3-1024x720.jpg 1024w, https:\/\/open-boat-projects.org\/wp-content\/uploads\/2021\/07\/Fernbedienung_2Ch_433MHz_3-300x211.jpg 300w, https:\/\/open-boat-projects.org\/wp-content\/uploads\/2021\/07\/Fernbedienung_2Ch_433MHz_3-768x540.jpg 768w, https:\/\/open-boat-projects.org\/wp-content\/uploads\/2021\/07\/Fernbedienung_2Ch_433MHz_3-16x12.jpg 16w, https:\/\/open-boat-projects.org\/wp-content\/uploads\/2021\/07\/Fernbedienung_2Ch_433MHz_3.jpg 1164w\" sizes=\"auto, (max-width: 952px) 100vw, 952px\" \/><\/p>\n<p>Abb: Anschlussbelegung der Empfangseinheit<\/p>\n","protected":false},"excerpt":{"rendered":"<p>Vorab ein paar wichtige Hinweise die sie unbedingt beachten sollten. Abb: Funkfernbedienung Oft ist es so, dass die Ankerwinch nur \u00fcber fest verbaute Schalter bedient werden kann und die Schalter so angebracht sind, dass man den Ankerfall bzw. das Aufholen nicht richtig einsehen kann. Wesentlich praktischer ist der Einsatz einer zus\u00e4tzlichen Fernbedienung. Dadurch kann man&hellip; <a href=\"https:\/\/open-boat-projects.org\/de\/fernbedienung-fuer-ankerwinsch\/\" class=\"more-link\">Weiterlesen <span class=\"screen-reader-text\">Fernbedienung f\u00fcr Ankerwinch<\/span><\/a><\/p>\n","protected":false},"author":2,"featured_media":0,"parent":0,"menu_order":0,"comment_status":"closed","ping_status":"closed","template":"","meta":{"footnotes":""},"categories":[40,37],"tags":[],"class_list":["post-1692","page","type-page","status-publish","hentry","category-openhardware","category-projects"],"_links":{"self":[{"href":"https:\/\/open-boat-projects.org\/de\/wp-json\/wp\/v2\/pages\/1692","targetHints":{"allow":["GET"]}}],"collection":[{"href":"https:\/\/open-boat-projects.org\/de\/wp-json\/wp\/v2\/pages"}],"about":[{"href":"https:\/\/open-boat-projects.org\/de\/wp-json\/wp\/v2\/types\/page"}],"author":[{"embeddable":true,"href":"https:\/\/open-boat-projects.org\/de\/wp-json\/wp\/v2\/users\/2"}],"replies":[{"embeddable":true,"href":"https:\/\/open-boat-projects.org\/de\/wp-json\/wp\/v2\/comments?post=1692"}],"version-history":[{"count":7,"href":"https:\/\/open-boat-projects.org\/de\/wp-json\/wp\/v2\/pages\/1692\/revisions"}],"predecessor-version":[{"id":2695,"href":"https:\/\/open-boat-projects.org\/de\/wp-json\/wp\/v2\/pages\/1692\/revisions\/2695"}],"wp:attachment":[{"href":"https:\/\/open-boat-projects.org\/de\/wp-json\/wp\/v2\/media?parent=1692"}],"wp:term":[{"taxonomy":"category","embeddable":true,"href":"https:\/\/open-boat-projects.org\/de\/wp-json\/wp\/v2\/categories?post=1692"},{"taxonomy":"post_tag","embeddable":true,"href":"https:\/\/open-boat-projects.org\/de\/wp-json\/wp\/v2\/tags?post=1692"}],"curies":[{"name":"wp","href":"https:\/\/api.w.org\/{rel}","templated":true}]}}