{"id":1648,"date":"2021-06-29T10:04:36","date_gmt":"2021-06-29T10:04:36","guid":{"rendered":"https:\/\/open-boat-projects.org\/?page_id=1648"},"modified":"2022-01-07T10:16:50","modified_gmt":"2022-01-07T10:16:50","slug":"rs422-konverter-fuer-nasa-clipper-windinstrumente","status":"publish","type":"page","link":"https:\/\/open-boat-projects.org\/de\/rs422-konverter-fuer-nasa-clipper-windinstrumente\/","title":{"rendered":"RS422 Konverter f\u00fcr Clipper Windinstrumente"},"content":{"rendered":"<p><a href=\"https:\/\/open-boat-projects.org\/wichtige-hinweise\/\" target=\"_blank\" rel=\"noopener\"><em><strong>Vorab ein paar wichtige Hinweise die sie unbedingt beachten sollten.<\/strong><\/em><\/a><\/p>\n<p><img loading=\"lazy\" decoding=\"async\" class=\"alignnone size-medium wp-image-1652\" src=\"https:\/\/open-boat-projects.org\/wp-content\/uploads\/2021\/06\/Clipper_Wind-300x300.jpg\" alt=\"\" width=\"300\" height=\"300\" srcset=\"https:\/\/open-boat-projects.org\/wp-content\/uploads\/2021\/06\/Clipper_Wind-300x300.jpg 300w, https:\/\/open-boat-projects.org\/wp-content\/uploads\/2021\/06\/Clipper_Wind-150x150.jpg 150w, https:\/\/open-boat-projects.org\/wp-content\/uploads\/2021\/06\/Clipper_Wind-12x12.jpg 12w, https:\/\/open-boat-projects.org\/wp-content\/uploads\/2021\/06\/Clipper_Wind.jpg 610w\" sizes=\"auto, (max-width: 300px) 100vw, 300px\" \/><\/p>\n<p>Abb.: Clipper Windinstrument (Clipper)<\/p>\n<p>Einige \u00e4ltere Modelle der Clipper-Windinstrumente besitzen auf der R\u00fcckseite einen 5-polige DIN-Buchse f\u00fcr ein Tochterdisplay. \u00dcber diese DIN-Buchse werden auch die Winddaten als NMEA0183 ausgegeben. Leider entsprechen die Signale nicht dem RS422 Standard und man kann sie nicht sinnvoll weiter verwenden. Als Ausgangssignal werden 5V-TTL-Pegel verwendet mit sehr geringer Strombelastbarkeit. Diese Signale k\u00f6nnen nicht direkt von RS422 verarbeitet werden. Mit einer kleinen Schaltung als Pegelanpasser kann aus dem unipolaren 5V-TTL-Sende-Signal ein differenzielles Signal nach RS422-Standard erzeugt werden.<\/p>\n<p><a href=\"https:\/\/open-boat-projects.org\/wp-content\/uploads\/2021\/06\/NASA_Clipper_RS422.png\" target=\"_blank\" rel=\"noopener\"><img loading=\"lazy\" decoding=\"async\" class=\"alignnone wp-image-1653 size-large\" src=\"https:\/\/open-boat-projects.org\/wp-content\/uploads\/2021\/06\/NASA_Clipper_RS422-1024x576.png\" alt=\"\" width=\"952\" height=\"536\" srcset=\"https:\/\/open-boat-projects.org\/wp-content\/uploads\/2021\/06\/NASA_Clipper_RS422-1024x576.png 1024w, https:\/\/open-boat-projects.org\/wp-content\/uploads\/2021\/06\/NASA_Clipper_RS422-300x169.png 300w, https:\/\/open-boat-projects.org\/wp-content\/uploads\/2021\/06\/NASA_Clipper_RS422-768x432.png 768w, https:\/\/open-boat-projects.org\/wp-content\/uploads\/2021\/06\/NASA_Clipper_RS422-16x9.png 16w, https:\/\/open-boat-projects.org\/wp-content\/uploads\/2021\/06\/NASA_Clipper_RS422.png 1272w\" sizes=\"auto, (max-width: 952px) 100vw, 952px\" \/><\/a><\/p>\n<p>Abb.: RS422 Wandler f\u00fcr Clipper Wind V1.0 mit DIN-Buchsen<\/p>\n<p><img loading=\"lazy\" decoding=\"async\" class=\"alignnone wp-image-1651 size-full\" src=\"https:\/\/open-boat-projects.org\/wp-content\/uploads\/2021\/06\/Clipper_Backside.png\" alt=\"\" width=\"484\" height=\"518\" srcset=\"https:\/\/open-boat-projects.org\/wp-content\/uploads\/2021\/06\/Clipper_Backside.png 484w, https:\/\/open-boat-projects.org\/wp-content\/uploads\/2021\/06\/Clipper_Backside-280x300.png 280w, https:\/\/open-boat-projects.org\/wp-content\/uploads\/2021\/06\/Clipper_Backside-11x12.png 11w\" sizes=\"auto, (max-width: 484px) 100vw, 484px\" \/><\/p>\n<p>Abb.: Clipper Wind V1.0 mit DIN-Buchse (rechts unten) (Clipper)<\/p>\n<p>Die Schaltung besteht aus einem Spannungswandler LM7805 (IC2) f\u00fcr eine 5V-Stromversorgung f\u00fcr IC1 und zwei Komperatoren die sich in einem LM358N (IC1) befinden. Die Versorgungsspannung der Schaltung wird vom NASA\/Clipper-Windinstrument abgegriffen (Pin 2 und 4). Das 5V-TTL-Datensignal T+ von Pin 3 wird dem Komparator IC1A zugef\u00fchrt und mit einem 1V-Referenz-Signal verglichen, dass \u00fcber den Spannungsteiler R6 und R7 erzeugt wird. Signale von T+ die gr\u00f6\u00dfer als 1V sind werden als ein High-Signal erkannt und es wird ein 5V-Signal an A+ ausgegeben, das ca. 20mA an Last treiben kann. Dieses verst\u00e4rkte Signal wird dem zweiten Komparator IC1B zugef\u00fchrt, der ein invertiertes Signal an A- ausgibt, das ebenfalls ca. 20mA an Last treiben kann. Damit werden die beiden differenziellen Signale A+ und A- f\u00fcr RS422 erzeugt.<\/p>\n<p>Bei der neueren Variante V2.0 von Clipper Wind ist keine DIN-Buchse mehr verbaut und die Anschlussbelegung ist etwas anders. Die obere Schaltung kann aber auch f\u00fcr die neuere Variante verwendet werden.<\/p>\n<p><img loading=\"lazy\" decoding=\"async\" class=\"alignnone wp-image-1654\" src=\"https:\/\/open-boat-projects.org\/wp-content\/uploads\/2021\/06\/Clipper_V2.0_NMEA0183.png\" alt=\"\" width=\"600\" height=\"357\" srcset=\"https:\/\/open-boat-projects.org\/wp-content\/uploads\/2021\/06\/Clipper_V2.0_NMEA0183.png 879w, https:\/\/open-boat-projects.org\/wp-content\/uploads\/2021\/06\/Clipper_V2.0_NMEA0183-300x178.png 300w, https:\/\/open-boat-projects.org\/wp-content\/uploads\/2021\/06\/Clipper_V2.0_NMEA0183-768x457.png 768w, https:\/\/open-boat-projects.org\/wp-content\/uploads\/2021\/06\/Clipper_V2.0_NMEA0183-16x10.png 16w\" sizes=\"auto, (max-width: 600px) 100vw, 600px\" \/><\/p>\n<p>Abb.: NMEA0183-Ansch\u00fcsse f\u00fcr Clipper Wind V2.0 (Clipper)<\/p>\n<p>Die Schaltung kann auf einer Lochrasterplatine aufgebaut und in einem kleinen Geh\u00e4use untergebracht werden. Mit der Schaltung lassen sich sowohl das Hauptdisplay als auch das Tochterdisplay gleichzeitig betreiben und die ausgeleiteten Signale k\u00f6nnen z.B. in SignalK \u00fcber einen RS422-USB-Wandler eingespeist werden.<\/p>\n<p>Im Internet findet man auch eine etwas einfachere Schaltung f\u00fcr eine RS232-Schnittstelle. Je nach verwendeten RS232-USB-Wandler funktioniert die Schaltung oder auch nicht. Eine sichere Funktionsweise ist nicht immer gegeben und h\u00e4ngt vom verwendeten RS232-Chip ab, da einige Chips auch nicht RS232 konforme Signale verarbeiten k\u00f6nnen. Nachteil dieser einfachen Schaltung ist allerdings, dass ein Tocherdisplay nicht gleichzeitig betrieben werden kann, da der Ausgangstreiber in der Haupteinheit zu wenig Strom liefert.<\/p>\n<p>Hier ist noch ein interessantes Projekt wo mit einem Wemos D1 mini die NMEA0183-Telegramme per WiFi benutzt werden k\u00f6nnen:<\/p>\n<p><a href=\"https:\/\/hackaday.io\/project\/12986-nasa-wind-decoder\" target=\"_blank\" rel=\"noopener\">https:\/\/hackaday.io\/project\/12986-nasa-wind-decoder<\/a><\/p>\n<p>&nbsp;<\/p>\n","protected":false},"excerpt":{"rendered":"<p>Vorab ein paar wichtige Hinweise die sie unbedingt beachten sollten. Abb.: Clipper Windinstrument (Clipper) Einige \u00e4ltere Modelle der Clipper-Windinstrumente besitzen auf der R\u00fcckseite einen 5-polige DIN-Buchse f\u00fcr ein Tochterdisplay. \u00dcber diese DIN-Buchse werden auch die Winddaten als NMEA0183 ausgegeben. Leider entsprechen die Signale nicht dem RS422 Standard und man kann sie nicht sinnvoll weiter verwenden.&hellip; <a href=\"https:\/\/open-boat-projects.org\/de\/rs422-konverter-fuer-nasa-clipper-windinstrumente\/\" class=\"more-link\">Weiterlesen <span class=\"screen-reader-text\">RS422 Konverter f\u00fcr Clipper Windinstrumente<\/span><\/a><\/p>\n","protected":false},"author":2,"featured_media":0,"parent":0,"menu_order":0,"comment_status":"closed","ping_status":"closed","template":"","meta":{"footnotes":""},"categories":[40,37],"tags":[],"class_list":["post-1648","page","type-page","status-publish","hentry","category-openhardware","category-projects"],"_links":{"self":[{"href":"https:\/\/open-boat-projects.org\/de\/wp-json\/wp\/v2\/pages\/1648","targetHints":{"allow":["GET"]}}],"collection":[{"href":"https:\/\/open-boat-projects.org\/de\/wp-json\/wp\/v2\/pages"}],"about":[{"href":"https:\/\/open-boat-projects.org\/de\/wp-json\/wp\/v2\/types\/page"}],"author":[{"embeddable":true,"href":"https:\/\/open-boat-projects.org\/de\/wp-json\/wp\/v2\/users\/2"}],"replies":[{"embeddable":true,"href":"https:\/\/open-boat-projects.org\/de\/wp-json\/wp\/v2\/comments?post=1648"}],"version-history":[{"count":10,"href":"https:\/\/open-boat-projects.org\/de\/wp-json\/wp\/v2\/pages\/1648\/revisions"}],"predecessor-version":[{"id":2496,"href":"https:\/\/open-boat-projects.org\/de\/wp-json\/wp\/v2\/pages\/1648\/revisions\/2496"}],"wp:attachment":[{"href":"https:\/\/open-boat-projects.org\/de\/wp-json\/wp\/v2\/media?parent=1648"}],"wp:term":[{"taxonomy":"category","embeddable":true,"href":"https:\/\/open-boat-projects.org\/de\/wp-json\/wp\/v2\/categories?post=1648"},{"taxonomy":"post_tag","embeddable":true,"href":"https:\/\/open-boat-projects.org\/de\/wp-json\/wp\/v2\/tags?post=1648"}],"curies":[{"name":"wp","href":"https:\/\/api.w.org\/{rel}","templated":true}]}}