{"id":1617,"date":"2021-06-05T21:53:53","date_gmt":"2021-06-05T21:53:53","guid":{"rendered":"https:\/\/open-boat-projects.org\/?page_id=1617"},"modified":"2023-08-31T16:32:33","modified_gmt":"2023-08-31T16:32:33","slug":"wetterfax-mit-weltempfaenger","status":"publish","type":"page","link":"https:\/\/open-boat-projects.org\/de\/wetterfax-mit-weltempfaenger\/","title":{"rendered":"Wetterfax mit Weltempf\u00e4nger"},"content":{"rendered":"<p><a href=\"https:\/\/open-boat-projects.org\/wp-content\/uploads\/2021\/06\/Wetterfax.jpg\"><img loading=\"lazy\" decoding=\"async\" class=\"alignnone wp-image-1620 size-full\" src=\"https:\/\/open-boat-projects.org\/wp-content\/uploads\/2021\/06\/Wetterfax.jpg\" alt=\"\" width=\"420\" height=\"356\" srcset=\"https:\/\/open-boat-projects.org\/wp-content\/uploads\/2021\/06\/Wetterfax.jpg 420w, https:\/\/open-boat-projects.org\/wp-content\/uploads\/2021\/06\/Wetterfax-300x254.jpg 300w, https:\/\/open-boat-projects.org\/wp-content\/uploads\/2021\/06\/Wetterfax-14x12.jpg 14w\" sizes=\"auto, (max-width: 420px) 100vw, 420px\" \/><\/a><\/p>\n<p>J\u00fcrgen hat im <a href=\"https:\/\/www.segeln-forum.de\/thread\/55119-navtex-und-wetterfax-f%C3%BCr-100\/\" target=\"_blank\" rel=\"noopener\">Segeln-Forum einen Wetterfaxempf\u00e4nger vorgestellt<\/a> den ich hier gerne vorstellen m\u00f6chte. Zum Empfang von Wetterfaxen wird ein einfacher Weltempf\u00e4nger und die Wetterfax-App <a href=\"https:\/\/aapks.com\/apk\/hf-weather-fax\/version\/57695188\/\" target=\"_blank\" rel=\"noopener\">HF WEATHER FAX<\/a> verwendet. Empfehlenswert sind folgende zwei Weltempf\u00e4nger von Sony, die sich bew\u00e4hrt haben:<\/p>\n<ul>\n<li>ICF-2001D<\/li>\n<li>ICF-SW7600<\/li>\n<\/ul>\n<p><img loading=\"lazy\" decoding=\"async\" class=\"alignnone wp-image-1621 size-full\" src=\"https:\/\/open-boat-projects.org\/wp-content\/uploads\/2021\/06\/ICF-2001D.jpeg\" alt=\"\" width=\"259\" height=\"194\" srcset=\"https:\/\/open-boat-projects.org\/wp-content\/uploads\/2021\/06\/ICF-2001D.jpeg 259w, https:\/\/open-boat-projects.org\/wp-content\/uploads\/2021\/06\/ICF-2001D-16x12.jpeg 16w\" sizes=\"auto, (max-width: 259px) 100vw, 259px\" \/><\/p>\n<p>Abb.: ICF-2001D<\/p>\n<p>Je nach Fahrtgebiet wird die entsprechende Kurzwellen-Sendefrequenz im Weltempf\u00e4nger eingestellt. Mit der App wird \u00fcber das Mikrofon die digital kodierte Aussendung empfangen und entsprechend als Bild dargestellt. Die codierte Aussendung ist ein niederfrequentes Signal (NF-Signal) im Frequenzbereich des menschlichen Geh\u00f6rs, das an die alten analogen Modem-Zeiten erinnert. Hier ein Beispiel wie sich das anh\u00f6rt:<\/p>\n<p><a href=\"http:\/\/www.wolphi.com\/sound\/wefax1.mp3\">Wetterfax Audiobeispiel<\/a><\/p>\n<p><a href=\"https:\/\/open-boat-projects.org\/wp-content\/uploads\/2021\/06\/Wetterfax2.jpg.jpeg\"><img loading=\"lazy\" decoding=\"async\" class=\"alignnone wp-image-1619 size-full\" src=\"https:\/\/open-boat-projects.org\/wp-content\/uploads\/2021\/06\/Wetterfax2.jpg.jpeg\" alt=\"\" width=\"300\" height=\"168\" srcset=\"https:\/\/open-boat-projects.org\/wp-content\/uploads\/2021\/06\/Wetterfax2.jpg.jpeg 300w, https:\/\/open-boat-projects.org\/wp-content\/uploads\/2021\/06\/Wetterfax2.jpg-16x9.jpeg 16w\" sizes=\"auto, (max-width: 300px) 100vw, 300px\" \/><\/a><\/p>\n<p>Abb.: Wetterfax-App<\/p>\n<p>Die kostenpflichtige Android Wetterfax-App HF WEATHER FAX k\u00fcmmert sich dabei um folgende Dinge:<\/p>\n<ul>\n<li>Manueller oder Automodus<\/li>\n<li>Spectrum Analyzer f\u00fcr einfache Frequenzabstimmung und Empfang<\/li>\n<li>Automatische Start- und Endton-Erkennung (im Automodus)<\/li>\n<li>Synchronisation zum Beginn der Aussendung (im Automodus)<\/li>\n<li>Automatisches Speichern der Wetterbilder auf SD-Card (im Automodus)<\/li>\n<li>Automatische Korrekturfunktionen bei St\u00f6rungen<\/li>\n<li>Auto Scroll Mode<\/li>\n<li>Bild Zoomfunktion<\/li>\n<li>Schwarz\/Wei\u00df-Bild mit Schwellwerteinstellung<\/li>\n<li>Speicherung historischer Wetterfaxe<\/li>\n<li>Timerfunktion f\u00fcr automatische Aufnahme<\/li>\n<\/ul>\n<p>Im Grunde genommen nimmt die App wichtige Funktionen der Empfangseinstellungen ab und vereinfacht damit die Bedienung. Die Wetterfaxe werden je nach Region \u00fcber verschiedene Frequenzen und zu festen Zeiten ausgesendet. Nachfolgend eine weltweite \u00dcbersicht:<\/p>\n<p><a href=\"https:\/\/www.darc.de\/fileadmin\/_migrated\/content_uploads\/Wetterfax-Sendertabelle.pdf\">Frequenz- und Sendeplan f\u00fcr Wetterfaxe<\/a><\/p>\n<p><a href=\"https:\/\/www.dwd.de\/DE\/fachnutzer\/schifffahrt\/funkausstrahlung\/sendeplan_fax_102020.pdf?__blob=publicationFile&amp;v=1\" target=\"_blank\" rel=\"noopener\">DWD Wetterfax Sendeplan<\/a><\/p>\n<p>&nbsp;<\/p>\n","protected":false},"excerpt":{"rendered":"<p>J\u00fcrgen hat im Segeln-Forum einen Wetterfaxempf\u00e4nger vorgestellt den ich hier gerne vorstellen m\u00f6chte. Zum Empfang von Wetterfaxen wird ein einfacher Weltempf\u00e4nger und die Wetterfax-App HF WEATHER FAX verwendet. Empfehlenswert sind folgende zwei Weltempf\u00e4nger von Sony, die sich bew\u00e4hrt haben: ICF-2001D ICF-SW7600 Abb.: ICF-2001D Je nach Fahrtgebiet wird die entsprechende Kurzwellen-Sendefrequenz im Weltempf\u00e4nger eingestellt. Mit der&hellip; <a href=\"https:\/\/open-boat-projects.org\/de\/wetterfax-mit-weltempfaenger\/\" class=\"more-link\">Weiterlesen <span class=\"screen-reader-text\">Wetterfax mit Weltempf\u00e4nger<\/span><\/a><\/p>\n","protected":false},"author":2,"featured_media":0,"parent":0,"menu_order":0,"comment_status":"closed","ping_status":"closed","template":"","meta":{"footnotes":""},"categories":[40,37],"tags":[],"class_list":["post-1617","page","type-page","status-publish","hentry","category-openhardware","category-projects"],"_links":{"self":[{"href":"https:\/\/open-boat-projects.org\/de\/wp-json\/wp\/v2\/pages\/1617","targetHints":{"allow":["GET"]}}],"collection":[{"href":"https:\/\/open-boat-projects.org\/de\/wp-json\/wp\/v2\/pages"}],"about":[{"href":"https:\/\/open-boat-projects.org\/de\/wp-json\/wp\/v2\/types\/page"}],"author":[{"embeddable":true,"href":"https:\/\/open-boat-projects.org\/de\/wp-json\/wp\/v2\/users\/2"}],"replies":[{"embeddable":true,"href":"https:\/\/open-boat-projects.org\/de\/wp-json\/wp\/v2\/comments?post=1617"}],"version-history":[{"count":9,"href":"https:\/\/open-boat-projects.org\/de\/wp-json\/wp\/v2\/pages\/1617\/revisions"}],"predecessor-version":[{"id":5114,"href":"https:\/\/open-boat-projects.org\/de\/wp-json\/wp\/v2\/pages\/1617\/revisions\/5114"}],"wp:attachment":[{"href":"https:\/\/open-boat-projects.org\/de\/wp-json\/wp\/v2\/media?parent=1617"}],"wp:term":[{"taxonomy":"category","embeddable":true,"href":"https:\/\/open-boat-projects.org\/de\/wp-json\/wp\/v2\/categories?post=1617"},{"taxonomy":"post_tag","embeddable":true,"href":"https:\/\/open-boat-projects.org\/de\/wp-json\/wp\/v2\/tags?post=1617"}],"curies":[{"name":"wp","href":"https:\/\/api.w.org\/{rel}","templated":true}]}}