{"id":1610,"date":"2021-06-02T11:01:38","date_gmt":"2021-06-02T11:01:38","guid":{"rendered":"https:\/\/open-boat-projects.org\/?page_id=1610"},"modified":"2022-05-23T14:11:20","modified_gmt":"2022-05-23T14:11:20","slug":"ultraschall-tanksensor-mit-sensesp","status":"publish","type":"page","link":"https:\/\/open-boat-projects.org\/de\/ultraschall-tanksensor-mit-sensesp\/","title":{"rendered":"Ultraschall Tanksensor mit SensESP"},"content":{"rendered":"<p><img loading=\"lazy\" decoding=\"async\" class=\"alignnone wp-image-1611 size-full\" src=\"https:\/\/open-boat-projects.org\/wp-content\/uploads\/2021\/06\/Ultraschall_Fuellstandssensor_1.jpeg\" alt=\"\" width=\"1024\" height=\"768\" srcset=\"https:\/\/open-boat-projects.org\/wp-content\/uploads\/2021\/06\/Ultraschall_Fuellstandssensor_1.jpeg 1024w, https:\/\/open-boat-projects.org\/wp-content\/uploads\/2021\/06\/Ultraschall_Fuellstandssensor_1-300x225.jpeg 300w, https:\/\/open-boat-projects.org\/wp-content\/uploads\/2021\/06\/Ultraschall_Fuellstandssensor_1-768x576.jpeg 768w, https:\/\/open-boat-projects.org\/wp-content\/uploads\/2021\/06\/Ultraschall_Fuellstandssensor_1-16x12.jpeg 16w\" sizes=\"auto, (max-width: 1024px) 100vw, 1024px\" \/><\/p>\n<p>Abb.: Ultraschall F\u00fcllstandssensor<\/p>\n<p><a href=\"https:\/\/www.segeln-forum.de\/thread\/76476-ber%C3%BChrungsloses-messen-von-tankinhalten\/?postID=2301715#post2301715\">https:\/\/www.segeln-forum.de\/thread\/76476-ber%C3%BChrungsloses-messen-von-tankinhalten\/?postID=2301715#post2301715<\/a><\/p>\n<p>&nbsp;<\/p>\n<p>Fred hat eine weitere Implementierung eines Ultraschall-Tanksensors mit <a href=\"https:\/\/open-boat-projects.org\/de\/sensesp\/\">SensESP<\/a>\u00a0 und einem Wemos D1 mini vorgenommen. Der <a href=\"https:\/\/forum.arduino.cc\/t\/how-to-read-serial-data-from-non-contact-ultrasonic-liquid-level-sensor\/507781\" target=\"_blank\" rel=\"noopener\">Ultraschall-Sensor DS1603L<\/a> erfasst Fl\u00fcssigkeitsst\u00e4nde in einem Tank und gibt die entsprechenden Messwerte \u00fcber SensESP per WiFi an <a href=\"https:\/\/open-boat-projects.org\/de\/signalk\/\">SignalK<\/a>. SensESP ist ein Softwareframework f\u00fcr die Arduino-IDE mit der recht einfach verschiedene Sensoren in SignalK eingebunden werden. Das Besondere an SensESP ist, dass sich Sensoren ohne Netzwerkkonfiguration in SignalK andocken lassen. Ein SignalK-Server wird automatisch von SensESP erkannt und selbst\u00e4ndig die Netzwerkonfiguration f\u00fcr eine Daten\u00fcbertragung per WiFi vorgenommen. In SignalK kann der F\u00fcllstand visualisiert werden.<\/p>\n<p>Aufgrund der Eigenschaften des Sensors muss kein Loch in den Tank gebohrt werden, daher bietet sich dieser Sensor als Nachr\u00fcstl\u00f6sung bei bestehenden Tanks ohne H\u00f6henstandsanzeige an. Durch die WLAN-Anbindung m\u00fcssen keine weiteren Datenkabel verlegt werde, eine 12V Versorgung in der N\u00e4he des Tanks, an die der Mikrocontroller angeschlossen werden kann, ist ausreichend. Das Modul Wemos D1 mini pro ist ein Mikrocontroller auf Basis des <a href=\"https:\/\/open-boat-projects.org\/de\/elektronikmodule-von-espressif\/\">ESP 8266<\/a> mit eingebautem WLAN-Modul. An dem Mikrocontroller wird der Ultraschallsensor\u00a0 angeschlossen. Der Ultraschallsensor wird au\u00dfen an den Tankboden angeklebt. Damit kann dann der Fl\u00fcssigkeitsspiegel im Tank erfasst werden.<\/p>\n<p><strong>Achtung:<\/strong> Der Sensor muss am Tankboden angebracht werden, er muss also von unten nach oben \u201epingen\u201c um den Fl\u00fcssigkeitsspiegel zu erfassen. Von oben nach unten \u201epingen\u201c funktioniert nicht.<\/p>\n<p>Die Software zum F\u00fcllstandssensor ist hier zu finden: <a href=\"https:\/\/github.com\/frewie\/UltrasonicTankSensor\" target=\"_blank\" rel=\"noopener\">https:\/\/github.com\/frewie\/UltrasonicTankSensor<\/a><\/p>\n<p>Ein \u00e4hnliches Projekt ist bei uns unter <a href=\"https:\/\/open-boat-projects.org\/de\/diy-ultraschall-fuellstandsmessung\/\">DIY Ultraschall F\u00fcllstandsmessung<\/a> zu finden. Es wird aber eine eigene Software verwendet, die NMEA0183 Datens\u00e4tze per WiFi \u00fcbertragen kann.<\/p>\n<p><img loading=\"lazy\" decoding=\"async\" class=\"alignnone wp-image-1612 size-full\" src=\"https:\/\/open-boat-projects.org\/wp-content\/uploads\/2021\/06\/Ultraschall_Fuellstandssensor_2.jpeg\" alt=\"\" width=\"1024\" height=\"768\" srcset=\"https:\/\/open-boat-projects.org\/wp-content\/uploads\/2021\/06\/Ultraschall_Fuellstandssensor_2.jpeg 1024w, https:\/\/open-boat-projects.org\/wp-content\/uploads\/2021\/06\/Ultraschall_Fuellstandssensor_2-300x225.jpeg 300w, https:\/\/open-boat-projects.org\/wp-content\/uploads\/2021\/06\/Ultraschall_Fuellstandssensor_2-768x576.jpeg 768w, https:\/\/open-boat-projects.org\/wp-content\/uploads\/2021\/06\/Ultraschall_Fuellstandssensor_2-16x12.jpeg 16w\" sizes=\"auto, (max-width: 1024px) 100vw, 1024px\" \/><\/p>\n<p>Abb.: Wasserdichtes Geh\u00e4use f\u00fcr den F\u00fcllstandssensor<\/p>\n","protected":false},"excerpt":{"rendered":"<p>Abb.: Ultraschall F\u00fcllstandssensor https:\/\/www.segeln-forum.de\/thread\/76476-ber%C3%BChrungsloses-messen-von-tankinhalten\/?postID=2301715#post2301715 &nbsp; Fred hat eine weitere Implementierung eines Ultraschall-Tanksensors mit SensESP\u00a0 und einem Wemos D1 mini vorgenommen. Der Ultraschall-Sensor DS1603L erfasst Fl\u00fcssigkeitsst\u00e4nde in einem Tank und gibt die entsprechenden Messwerte \u00fcber SensESP per WiFi an SignalK. SensESP ist ein Softwareframework f\u00fcr die Arduino-IDE mit der recht einfach verschiedene Sensoren in SignalK eingebunden&hellip; <a href=\"https:\/\/open-boat-projects.org\/de\/ultraschall-tanksensor-mit-sensesp\/\" class=\"more-link\">Weiterlesen <span class=\"screen-reader-text\">Ultraschall Tanksensor mit SensESP<\/span><\/a><\/p>\n","protected":false},"author":2,"featured_media":0,"parent":0,"menu_order":0,"comment_status":"closed","ping_status":"closed","template":"","meta":{"footnotes":""},"categories":[40,39],"tags":[],"class_list":["post-1610","page","type-page","status-publish","hentry","category-openhardware","category-opensource"],"_links":{"self":[{"href":"https:\/\/open-boat-projects.org\/de\/wp-json\/wp\/v2\/pages\/1610","targetHints":{"allow":["GET"]}}],"collection":[{"href":"https:\/\/open-boat-projects.org\/de\/wp-json\/wp\/v2\/pages"}],"about":[{"href":"https:\/\/open-boat-projects.org\/de\/wp-json\/wp\/v2\/types\/page"}],"author":[{"embeddable":true,"href":"https:\/\/open-boat-projects.org\/de\/wp-json\/wp\/v2\/users\/2"}],"replies":[{"embeddable":true,"href":"https:\/\/open-boat-projects.org\/de\/wp-json\/wp\/v2\/comments?post=1610"}],"version-history":[{"count":5,"href":"https:\/\/open-boat-projects.org\/de\/wp-json\/wp\/v2\/pages\/1610\/revisions"}],"predecessor-version":[{"id":3047,"href":"https:\/\/open-boat-projects.org\/de\/wp-json\/wp\/v2\/pages\/1610\/revisions\/3047"}],"wp:attachment":[{"href":"https:\/\/open-boat-projects.org\/de\/wp-json\/wp\/v2\/media?parent=1610"}],"wp:term":[{"taxonomy":"category","embeddable":true,"href":"https:\/\/open-boat-projects.org\/de\/wp-json\/wp\/v2\/categories?post=1610"},{"taxonomy":"post_tag","embeddable":true,"href":"https:\/\/open-boat-projects.org\/de\/wp-json\/wp\/v2\/tags?post=1610"}],"curies":[{"name":"wp","href":"https:\/\/api.w.org\/{rel}","templated":true}]}}