{"id":143,"date":"2019-11-21T11:35:08","date_gmt":"2019-11-21T11:35:08","guid":{"rendered":"https:\/\/open-boat-projects.org\/?page_id=143"},"modified":"2023-07-12T22:53:47","modified_gmt":"2023-07-12T22:53:47","slug":"marine-control-server","status":"publish","type":"page","link":"https:\/\/open-boat-projects.org\/de\/marine-control-server\/","title":{"rendered":"Marine Control Server"},"content":{"rendered":"<p>&nbsp;<\/p>\n<h1 id=\"cc-m-header-15546244822\" class=\"\"><span style=\"color: #175e6d;\">GeDaD MCS \/\/ Marine Control Server<\/span><\/h1>\n<p>&nbsp;<\/p>\n<p><img loading=\"lazy\" decoding=\"async\" class=\" wp-image-515 aligncenter\" src=\"https:\/\/open-boat-projects.org\/wp-content\/uploads\/2019\/12\/2019-12-18_12h24_20-300x254.png\" alt=\"\" width=\"506\" height=\"428\" srcset=\"https:\/\/open-boat-projects.org\/wp-content\/uploads\/2019\/12\/2019-12-18_12h24_20-300x254.png 300w, https:\/\/open-boat-projects.org\/wp-content\/uploads\/2019\/12\/2019-12-18_12h24_20-768x650.png 768w, https:\/\/open-boat-projects.org\/wp-content\/uploads\/2019\/12\/2019-12-18_12h24_20.png 914w\" sizes=\"auto, (max-width: 506px) 100vw, 506px\" \/><\/p>\n<hr \/>\n<div id=\"cc-m-15546250122\" class=\"j-module n j-text \">\n<p style=\"text-align: left;\"><span style=\"color: #175e6d;\">Der MCS ist ein Schnittstellenmodul f\u00fcr marine Anwendungen. Mit seinen sechs seriellen Schnittstellen (NMEA0183 kompatibel), seiner CAN-Schnittstelle (NMEA2000 kompatibel), seiner 1-Wire-Schnittstelle sowie seiner I2C-Schnittstelle bietet er ideale Integrationsm\u00f6glichkeiten in s\u00e4mtliche Systeme. Als Gehirn des Systems kommt ein Raspberry-Pi zum Einsatz, \u00fcber welchen s\u00e4mtliche Daten verarbeitet werden k\u00f6nnen. F\u00fcr das System stehen fertige Programme f\u00fcr &#8222;Openplotter&#8220; sowie &#8222;Signal K&#8220; bereit, so dass die Integration und Datenverarbeitung zum Kinderspiel wird.<\/span><\/p>\n<\/div>\n<div id=\"cc-m-15549572422\" class=\"j-module n j-spacing \">\n<div class=\"cc-m-spacer\" style=\"text-align: left;\"><a href=\"https:\/\/open-boat-projects.org\/wp-content\/uploads\/2019\/12\/2019-12-18_12h27_05.png\"><img loading=\"lazy\" decoding=\"async\" class=\"wp-image-516\" src=\"https:\/\/open-boat-projects.org\/wp-content\/uploads\/2019\/12\/2019-12-18_12h27_05-300x237.png\" alt=\"\" width=\"345\" height=\"273\" srcset=\"https:\/\/open-boat-projects.org\/wp-content\/uploads\/2019\/12\/2019-12-18_12h27_05-300x237.png 300w, https:\/\/open-boat-projects.org\/wp-content\/uploads\/2019\/12\/2019-12-18_12h27_05-768x607.png 768w, https:\/\/open-boat-projects.org\/wp-content\/uploads\/2019\/12\/2019-12-18_12h27_05.png 980w\" sizes=\"auto, (max-width: 345px) 100vw, 345px\" \/><\/a><\/div>\n<div>\n<hr \/>\n<\/div>\n<\/div>\n<div id=\"cc-m-15549572622\" class=\"j-module n j-text \">\n<ul>\n<li><span style=\"color: #175e6d;\">Einfach zu handhabendes Adapter Board f\u00fcr marine Anwendungen<\/span><\/li>\n<li><span style=\"color: #175e6d;\">Kombiniert unterschiedliche Schnittellen<\/span><\/li>\n<li><span style=\"color: #175e6d;\">Passend zum Raspberry Pi4<\/span><\/li>\n<li><span style=\"color: #175e6d;\">Hohe Eingangspannungstoleranz (8-28V)<\/span><\/li>\n<li><span style=\"color: #175e6d;\">Integrierter 5V Schaltregler<\/span><\/li>\n<li><span style=\"color: #175e6d;\">Automatikmodus zum Herunterfahren des Raspberry Pi sowie zum Abschalten des MCS<\/span><\/li>\n<li><span style=\"color: #175e6d;\">6x NMEA0183\u00ae kompatible Schnittstelle (Konfigurierbar als Ein- oder Ausgang)<\/span><\/li>\n<li><span style=\"color: #175e6d;\">1x NMEA2000\u00ae kompatible Schnittstelle<\/span><\/li>\n<li><span style=\"color: #175e6d;\">1x 1-Wire\u00ae Schnittstelle mit echtem 1-Wire<\/span><\/li>\n<li><span style=\"color: #175e6d;\">1x 5V tolerante I\u00b2C\u00ae Schnittstelle<\/span><\/li>\n<li><span style=\"color: #175e6d;\">Fertige Open Source App f\u00fcr Openplotter<\/span><\/li>\n<li><span style=\"color: #175e6d;\">fertig konfektioniert ohne Geh\u00e4use<\/span><\/li>\n<li><span style=\"color: #175e6d;\">offene Entwicklung<\/span><\/li>\n<li><span style=\"color: #175e6d;\">Kosten: ca 75 EUR (Fertig best\u00fcckte Platine inkl Montagematerial f\u00fcr Raspberry Pi4 inkl. Rechnung), Geh\u00e4use Extra<\/span><\/li>\n<\/ul>\n<hr \/>\n<\/div>\n<p><img loading=\"lazy\" decoding=\"async\" class=\"alignnone wp-image-518\" src=\"https:\/\/open-boat-projects.org\/wp-content\/uploads\/2019\/12\/2019-12-18_12h29_42.png\" alt=\"\" width=\"1020\" height=\"568\" srcset=\"https:\/\/open-boat-projects.org\/wp-content\/uploads\/2019\/12\/2019-12-18_12h29_42.png 1342w, https:\/\/open-boat-projects.org\/wp-content\/uploads\/2019\/12\/2019-12-18_12h29_42-300x167.png 300w, https:\/\/open-boat-projects.org\/wp-content\/uploads\/2019\/12\/2019-12-18_12h29_42-1024x570.png 1024w, https:\/\/open-boat-projects.org\/wp-content\/uploads\/2019\/12\/2019-12-18_12h29_42-768x427.png 768w\" sizes=\"auto, (max-width: 1020px) 100vw, 1020px\" \/><\/p>\n<p>&nbsp;<\/p>\n<p><img loading=\"lazy\" decoding=\"async\" class=\"alignnone wp-image-519\" src=\"https:\/\/open-boat-projects.org\/wp-content\/uploads\/2019\/12\/2019-12-18_12h31_36.png\" alt=\"\" width=\"1021\" height=\"570\" srcset=\"https:\/\/open-boat-projects.org\/wp-content\/uploads\/2019\/12\/2019-12-18_12h31_36.png 1347w, https:\/\/open-boat-projects.org\/wp-content\/uploads\/2019\/12\/2019-12-18_12h31_36-300x167.png 300w, https:\/\/open-boat-projects.org\/wp-content\/uploads\/2019\/12\/2019-12-18_12h31_36-1024x572.png 1024w, https:\/\/open-boat-projects.org\/wp-content\/uploads\/2019\/12\/2019-12-18_12h31_36-768x429.png 768w\" sizes=\"auto, (max-width: 1021px) 100vw, 1021px\" \/><\/p>\n<p>&nbsp;<\/p>\n<p><img loading=\"lazy\" decoding=\"async\" class=\"alignnone wp-image-520\" src=\"https:\/\/open-boat-projects.org\/wp-content\/uploads\/2019\/12\/2019-12-18_12h32_27.png\" alt=\"\" width=\"1030\" height=\"577\" srcset=\"https:\/\/open-boat-projects.org\/wp-content\/uploads\/2019\/12\/2019-12-18_12h32_27.png 1345w, https:\/\/open-boat-projects.org\/wp-content\/uploads\/2019\/12\/2019-12-18_12h32_27-300x168.png 300w, https:\/\/open-boat-projects.org\/wp-content\/uploads\/2019\/12\/2019-12-18_12h32_27-1024x574.png 1024w, https:\/\/open-boat-projects.org\/wp-content\/uploads\/2019\/12\/2019-12-18_12h32_27-768x431.png 768w\" sizes=\"auto, (max-width: 1030px) 100vw, 1030px\" \/><\/p>\n<hr \/>\n<p><span style=\"color: #175e6d;\">Weiterf\u00fchrende Informationen:<\/span><\/p>\n<p><span style=\"color: #175e6d;\">Hersteller-Homepage:<br \/>\n<\/span><span style=\"color: #175e6d;\"><a style=\"color: #175e6d;\" href=\"https:\/\/www.gedad.de\/projekte\/projekte-f%C3%BCr-privat\/gedad-marine-control-server\/\">https:\/\/www.gedad.de\/projekte\/projekte-f%C3%BCr-privat\/gedad-marine-control-server\/<\/a><\/span><\/p>\n<p><span style=\"color: #175e6d;\">Github-Projekt f\u00fcr OpenPlotter:<br \/>\n<\/span><span style=\"color: #175e6d;\"><a style=\"color: #175e6d;\" href=\"https:\/\/github.com\/Thomas-GeDaD\/openplotter-MCS\">https:\/\/github.com\/Thomas-GeDaD\/openplotter-MCS<\/a><\/span><\/p>\n<p><span style=\"color: #175e6d;\">Segel-Forum.de Thread:<br \/>\n<\/span><span style=\"color: #175e6d;\"><a style=\"color: #175e6d;\" href=\"https:\/\/www.segeln-forum.de\/thread\/73843-raspberry-schnitstellen-openplotter-signalk-marinecontrolserver\/\" target=\"_blank\" rel=\"noopener noreferrer\">https:\/\/www.segeln-forum.de\/thread\/73843-raspberry-schnitstellen-openplotter-signalk-marinecontrolserver\/<\/a><\/span><\/p>\n<p>open-boat-projects LIVE:<br \/>\n<a href=\"https:\/\/youtu.be\/iXSZ0MWErC0\" target=\"_blank\" rel=\"noopener\">https:\/\/youtu.be\/iXSZ0MWErC0<\/a><\/p>\n<p>&nbsp;<\/p>\n<hr \/>\n<p><img loading=\"lazy\" decoding=\"async\" class=\"alignnone wp-image-522\" src=\"https:\/\/open-boat-projects.org\/wp-content\/uploads\/2019\/12\/2019-12-18_12h41_10.png\" alt=\"\" width=\"834\" height=\"563\" srcset=\"https:\/\/open-boat-projects.org\/wp-content\/uploads\/2019\/12\/2019-12-18_12h41_10.png 609w, https:\/\/open-boat-projects.org\/wp-content\/uploads\/2019\/12\/2019-12-18_12h41_10-300x202.png 300w\" sizes=\"auto, (max-width: 834px) 100vw, 834px\" \/><img loading=\"lazy\" decoding=\"async\" class=\"alignnone size-full wp-image-523\" src=\"https:\/\/open-boat-projects.org\/wp-content\/uploads\/2019\/12\/2019-12-18_12h42_07.png\" alt=\"\" width=\"811\" height=\"562\" srcset=\"https:\/\/open-boat-projects.org\/wp-content\/uploads\/2019\/12\/2019-12-18_12h42_07.png 811w, https:\/\/open-boat-projects.org\/wp-content\/uploads\/2019\/12\/2019-12-18_12h42_07-300x208.png 300w, https:\/\/open-boat-projects.org\/wp-content\/uploads\/2019\/12\/2019-12-18_12h42_07-768x532.png 768w\" sizes=\"auto, (max-width: 811px) 100vw, 811px\" \/><\/p>\n<p><img loading=\"lazy\" decoding=\"async\" class=\"alignnone size-full wp-image-524\" src=\"https:\/\/open-boat-projects.org\/wp-content\/uploads\/2019\/12\/2019-12-18_12h43_02.png\" alt=\"\" width=\"826\" height=\"530\" srcset=\"https:\/\/open-boat-projects.org\/wp-content\/uploads\/2019\/12\/2019-12-18_12h43_02.png 826w, https:\/\/open-boat-projects.org\/wp-content\/uploads\/2019\/12\/2019-12-18_12h43_02-300x192.png 300w, https:\/\/open-boat-projects.org\/wp-content\/uploads\/2019\/12\/2019-12-18_12h43_02-768x493.png 768w\" sizes=\"auto, (max-width: 826px) 100vw, 826px\" \/><\/p>\n","protected":false},"excerpt":{"rendered":"<p>&nbsp; GeDaD MCS \/\/ Marine Control Server &nbsp; Der MCS ist ein Schnittstellenmodul f\u00fcr marine Anwendungen. Mit seinen sechs seriellen Schnittstellen (NMEA0183 kompatibel), seiner CAN-Schnittstelle (NMEA2000 kompatibel), seiner 1-Wire-Schnittstelle sowie seiner I2C-Schnittstelle bietet er ideale Integrationsm\u00f6glichkeiten in s\u00e4mtliche Systeme. Als Gehirn des Systems kommt ein Raspberry-Pi zum Einsatz, \u00fcber welchen s\u00e4mtliche Daten verarbeitet werden k\u00f6nnen.&hellip; <a href=\"https:\/\/open-boat-projects.org\/de\/marine-control-server\/\" class=\"more-link\">Weiterlesen <span class=\"screen-reader-text\">Marine Control Server<\/span><\/a><\/p>\n","protected":false},"author":1,"featured_media":0,"parent":0,"menu_order":0,"comment_status":"closed","ping_status":"closed","template":"","meta":{"footnotes":""},"categories":[40,37],"tags":[],"class_list":["post-143","page","type-page","status-publish","hentry","category-openhardware","category-projects"],"_links":{"self":[{"href":"https:\/\/open-boat-projects.org\/de\/wp-json\/wp\/v2\/pages\/143","targetHints":{"allow":["GET"]}}],"collection":[{"href":"https:\/\/open-boat-projects.org\/de\/wp-json\/wp\/v2\/pages"}],"about":[{"href":"https:\/\/open-boat-projects.org\/de\/wp-json\/wp\/v2\/types\/page"}],"author":[{"embeddable":true,"href":"https:\/\/open-boat-projects.org\/de\/wp-json\/wp\/v2\/users\/1"}],"replies":[{"embeddable":true,"href":"https:\/\/open-boat-projects.org\/de\/wp-json\/wp\/v2\/comments?post=143"}],"version-history":[{"count":13,"href":"https:\/\/open-boat-projects.org\/de\/wp-json\/wp\/v2\/pages\/143\/revisions"}],"predecessor-version":[{"id":5043,"href":"https:\/\/open-boat-projects.org\/de\/wp-json\/wp\/v2\/pages\/143\/revisions\/5043"}],"wp:attachment":[{"href":"https:\/\/open-boat-projects.org\/de\/wp-json\/wp\/v2\/media?parent=143"}],"wp:term":[{"taxonomy":"category","embeddable":true,"href":"https:\/\/open-boat-projects.org\/de\/wp-json\/wp\/v2\/categories?post=143"},{"taxonomy":"post_tag","embeddable":true,"href":"https:\/\/open-boat-projects.org\/de\/wp-json\/wp\/v2\/tags?post=143"}],"curies":[{"name":"wp","href":"https:\/\/api.w.org\/{rel}","templated":true}]}}