{"id":138,"date":"2019-11-22T11:32:29","date_gmt":"2019-11-22T11:32:29","guid":{"rendered":"https:\/\/open-boat-projects.org\/?page_id=138"},"modified":"2020-01-15T13:03:43","modified_gmt":"2020-01-15T13:03:43","slug":"maker-szene","status":"publish","type":"page","link":"https:\/\/open-boat-projects.org\/de\/maker-szene\/","title":{"rendered":"Offene Werkst\u00e4tten"},"content":{"rendered":"<h5>Shared Economy<\/h5>\n<p><img loading=\"lazy\" decoding=\"async\" class=\"size-full wp-image-205 alignleft\" src=\"https:\/\/open-boat-projects.org\/wp-content\/uploads\/2019\/11\/fablab-logo.jpg\" alt=\"\" width=\"90\" height=\"80\" \/>Keine eigenen Maschinen und Werkzeuge? Keinen Bastelkeller? Oder einfach nur auf der Suche nach Gleichgesinnten?<br \/>\nSeit einigen Jahren boomt die so genannte Maker-Szene. In vielen St\u00e4dten entstehen Offene Werkst\u00e4tten, FabLabs, MakerSpaces, HackerSpaces, Mitmach- und Selbsthilfewerkst\u00e4tten, Repair-Cafes. Alles mit dem Ziel, teure Maschinen und Werzeuge gemeinsam zu nutzen, Erfahrungen auszutauschen, Ressourcen effizient zu nutzen.<br \/>\nOft stehen moderne 3D-Drucker, CNC-Fr\u00e4sen, Laser-Cutter, L\u00f6t-Stationen nebst Know-How zur Verf\u00fcgung.<\/p>\n<p>Einen umfassenden \u00dcberblick gibt<a href=\"https:\/\/www.offene-werkstaetten.org\/werkstatt-suche\" target=\"_blank\" rel=\"noopener noreferrer\"> https:\/\/www.offene-werkstaetten.org\/werkstatt-suche<\/a><\/p>\n<ul>\n<li>wikipedia: <a href=\"https:\/\/de.wikipedia.org\/wiki\/Maker\" target=\"_blank\" rel=\"noopener noreferrer\">https:\/\/de.wikipedia.org\/wiki\/Maker<\/a><\/li>\n<li>Suchmaschine: <a href=\"https:\/\/www.offene-werkstaetten.org\/werkstatt-suche\" target=\"_blank\" rel=\"noopener noreferrer\">https:\/\/www.offene-werkstaetten.org\/werkstatt-suche<\/a><\/li>\n<li>fabLab charter: <a href=\"http:\/\/fab.cba.mit.edu\/about\/charter\/\" target=\"_blank\" rel=\"noopener noreferrer\">http:\/\/fab.cba.mit.edu\/about\/charter\/<\/a><\/li>\n<li>Veranstaltungen: <a href=\"https:\/\/de.wikipedia.org\/wiki\/Maker_Faire\" target=\"_blank\" rel=\"noopener noreferrer\">https:\/\/de.wikipedia.org\/wiki\/Maker_Faire<\/a><\/li>\n<\/ul>\n","protected":false},"excerpt":{"rendered":"<p>Shared Economy Keine eigenen Maschinen und Werkzeuge? Keinen Bastelkeller? Oder einfach nur auf der Suche nach Gleichgesinnten? Seit einigen Jahren boomt die so genannte Maker-Szene. In vielen St\u00e4dten entstehen Offene Werkst\u00e4tten, FabLabs, MakerSpaces, HackerSpaces, Mitmach- und Selbsthilfewerkst\u00e4tten, Repair-Cafes. Alles mit dem Ziel, teure Maschinen und Werzeuge gemeinsam zu nutzen, Erfahrungen auszutauschen, Ressourcen effizient zu nutzen.&hellip; <a href=\"https:\/\/open-boat-projects.org\/de\/maker-szene\/\" class=\"more-link\">Weiterlesen <span class=\"screen-reader-text\">Offene Werkst\u00e4tten<\/span><\/a><\/p>\n","protected":false},"author":1,"featured_media":0,"parent":0,"menu_order":0,"comment_status":"closed","ping_status":"closed","template":"","meta":{"footnotes":""},"categories":[38,37],"tags":[],"class_list":["post-138","page","type-page","status-publish","hentry","category-about","category-projects"],"_links":{"self":[{"href":"https:\/\/open-boat-projects.org\/de\/wp-json\/wp\/v2\/pages\/138","targetHints":{"allow":["GET"]}}],"collection":[{"href":"https:\/\/open-boat-projects.org\/de\/wp-json\/wp\/v2\/pages"}],"about":[{"href":"https:\/\/open-boat-projects.org\/de\/wp-json\/wp\/v2\/types\/page"}],"author":[{"embeddable":true,"href":"https:\/\/open-boat-projects.org\/de\/wp-json\/wp\/v2\/users\/1"}],"replies":[{"embeddable":true,"href":"https:\/\/open-boat-projects.org\/de\/wp-json\/wp\/v2\/comments?post=138"}],"version-history":[{"count":8,"href":"https:\/\/open-boat-projects.org\/de\/wp-json\/wp\/v2\/pages\/138\/revisions"}],"predecessor-version":[{"id":674,"href":"https:\/\/open-boat-projects.org\/de\/wp-json\/wp\/v2\/pages\/138\/revisions\/674"}],"wp:attachment":[{"href":"https:\/\/open-boat-projects.org\/de\/wp-json\/wp\/v2\/media?parent=138"}],"wp:term":[{"taxonomy":"category","embeddable":true,"href":"https:\/\/open-boat-projects.org\/de\/wp-json\/wp\/v2\/categories?post=138"},{"taxonomy":"post_tag","embeddable":true,"href":"https:\/\/open-boat-projects.org\/de\/wp-json\/wp\/v2\/tags?post=138"}],"curies":[{"name":"wp","href":"https:\/\/api.w.org\/{rel}","templated":true}]}}