{"id":1317,"date":"2021-03-18T20:41:14","date_gmt":"2021-03-18T20:41:14","guid":{"rendered":"https:\/\/open-boat-projects.org\/?page_id=1317"},"modified":"2021-10-18T12:04:45","modified_gmt":"2021-10-18T12:04:45","slug":"low-budged-energiemonitor","status":"publish","type":"page","link":"https:\/\/open-boat-projects.org\/de\/low-budged-energiemonitor\/","title":{"rendered":"Low Budged Energiemonitor"},"content":{"rendered":"<p><img loading=\"lazy\" decoding=\"async\" class=\"alignnone wp-image-1320 size-large\" src=\"https:\/\/open-boat-projects.org\/wp-content\/uploads\/2021\/03\/Venus_OS-1024x513.png\" alt=\"\" width=\"952\" height=\"477\" srcset=\"https:\/\/open-boat-projects.org\/wp-content\/uploads\/2021\/03\/Venus_OS-1024x513.png 1024w, https:\/\/open-boat-projects.org\/wp-content\/uploads\/2021\/03\/Venus_OS-300x150.png 300w, https:\/\/open-boat-projects.org\/wp-content\/uploads\/2021\/03\/Venus_OS-768x385.png 768w, https:\/\/open-boat-projects.org\/wp-content\/uploads\/2021\/03\/Venus_OS-1536x770.png 1536w, https:\/\/open-boat-projects.org\/wp-content\/uploads\/2021\/03\/Venus_OS-16x8.png 16w, https:\/\/open-boat-projects.org\/wp-content\/uploads\/2021\/03\/Venus_OS-760x380.png 760w, https:\/\/open-boat-projects.org\/wp-content\/uploads\/2021\/03\/Venus_OS.png 1738w\" sizes=\"auto, (max-width: 952px) 100vw, 952px\" \/><\/p>\n<p>Stefan Kaufmann hat auf seiner Webseite <a href=\"https:\/\/obenschlaefer.com\/low-budget-energiemonitor-victron-venus-os-mit-raspberry-pi-obenschlaefer\/\" target=\"_blank\" rel=\"noopener\">https:\/\/obenschlaefer.com<\/a>\/ einen kosteng\u00fcnstigen Energiemonitor vorgestellt der auch f\u00fcr Bootsfreunde interessant ist. Urspr\u00fcnglich hat er den Energiemonitor f\u00fcr seinen Camper gebaut, um die Energieversorgung \u00fcberwachen zu k\u00f6nnen. Das System baut auf Komponenten von <a href=\"https:\/\/www.victronenergy.de\/\">Victron<\/a> auf. Das Herzst\u00fcck ist ein Raspi mit der freien Venus OS-Firmware von Victron die ebenfalls in <a href=\"https:\/\/www.youtube.com\/watch?v=3wheKaU2_qw\" target=\"_blank\" rel=\"noopener\">kommerzieller Hardware<\/a> l\u00e4uft, in diesem Fall aber auf einem kosteng\u00fcnstigen Raspi3B. Der Raspi ist dann die Steuer- und Visualisierungszentrale f\u00fcr den Energiemonitor. Die Bedienung erfolgt webbasiert \u00fcber ein Handy, Tablett oder PC. In seiner Bauanleitung verwendet er ein 7&#8243; Raspi-Display auf dessen R\u00fcckseite der Raspi angedockt ist. Die Victron-Komponenten werden \u00fcber Bluetoth mit dem Raspi verbunden und tauschen dar\u00fcber die Daten aus.<\/p>\n<p>Grunds\u00e4tzlich k\u00f6nnen damit folgende Dinge gemacht werden:<\/p>\n<ul>\n<li>Anzeige der Energiefl\u00fcsse zwischen Erzeugern (Generator, Solarzelle, Ladeger\u00e4t), Speichern (Bleiakku, LiFePo4, etc.) und Verbrauchern<\/li>\n<li>Ferndiagnose \u00fcber Internet<\/li>\n<li>Meldesystem bei Ger\u00e4test\u00f6rungen<\/li>\n<li>Unterst\u00fctzte Ger\u00e4te von Victron:\n<ul>\n<li>Victron Batteriecomputer BMV712<\/li>\n<li>Victron MPPT Solarladeregler der Smart-Solar Reihe<\/li>\n<li>Victron Wechselrichter der Phoenix Reihe<\/li>\n<li>Victron 230V Ladeger\u00e4t der Phoenix Reihe<\/li>\n<\/ul>\n<\/li>\n<\/ul>\n<p>Stefan hat sein Projekt sehr ausf\u00fchrlich auf seiner Homapage beschrieben. In mehrteiligen Videos beschreibt er genau wie das System aufgebaut wird und worauf geachtet werden muss. Da sollten kaum Fragen offen bleiben.<\/p>\n<p><img loading=\"lazy\" decoding=\"async\" class=\"alignnone wp-image-1319 size-full\" src=\"https:\/\/open-boat-projects.org\/wp-content\/uploads\/2021\/03\/Venus_on_Raspi.jpg\" alt=\"\" width=\"768\" height=\"576\" srcset=\"https:\/\/open-boat-projects.org\/wp-content\/uploads\/2021\/03\/Venus_on_Raspi.jpg 768w, https:\/\/open-boat-projects.org\/wp-content\/uploads\/2021\/03\/Venus_on_Raspi-300x225.jpg 300w, https:\/\/open-boat-projects.org\/wp-content\/uploads\/2021\/03\/Venus_on_Raspi-16x12.jpg 16w\" sizes=\"auto, (max-width: 768px) 100vw, 768px\" \/><\/p>\n<p>Venus OS von Victron<\/p>\n<p><img loading=\"lazy\" decoding=\"async\" class=\"alignnone wp-image-1318 size-full\" src=\"https:\/\/open-boat-projects.org\/wp-content\/uploads\/2021\/03\/Komponenten_verbaut.png\" alt=\"\" width=\"768\" height=\"871\" srcset=\"https:\/\/open-boat-projects.org\/wp-content\/uploads\/2021\/03\/Komponenten_verbaut.png 768w, https:\/\/open-boat-projects.org\/wp-content\/uploads\/2021\/03\/Komponenten_verbaut-265x300.png 265w, https:\/\/open-boat-projects.org\/wp-content\/uploads\/2021\/03\/Komponenten_verbaut-11x12.png 11w\" sizes=\"auto, (max-width: 768px) 100vw, 768px\" \/><\/p>\n<p>Eingebaute Komponenten<\/p>\n<p>&nbsp;<\/p>\n","protected":false},"excerpt":{"rendered":"<p>Stefan Kaufmann hat auf seiner Webseite https:\/\/obenschlaefer.com\/ einen kosteng\u00fcnstigen Energiemonitor vorgestellt der auch f\u00fcr Bootsfreunde interessant ist. Urspr\u00fcnglich hat er den Energiemonitor f\u00fcr seinen Camper gebaut, um die Energieversorgung \u00fcberwachen zu k\u00f6nnen. Das System baut auf Komponenten von Victron auf. Das Herzst\u00fcck ist ein Raspi mit der freien Venus OS-Firmware von Victron die ebenfalls in&hellip; <a href=\"https:\/\/open-boat-projects.org\/de\/low-budged-energiemonitor\/\" class=\"more-link\">Weiterlesen <span class=\"screen-reader-text\">Low Budged Energiemonitor<\/span><\/a><\/p>\n","protected":false},"author":2,"featured_media":0,"parent":0,"menu_order":0,"comment_status":"closed","ping_status":"closed","template":"","meta":{"footnotes":""},"categories":[40,39],"tags":[],"class_list":["post-1317","page","type-page","status-publish","hentry","category-openhardware","category-opensource"],"_links":{"self":[{"href":"https:\/\/open-boat-projects.org\/de\/wp-json\/wp\/v2\/pages\/1317","targetHints":{"allow":["GET"]}}],"collection":[{"href":"https:\/\/open-boat-projects.org\/de\/wp-json\/wp\/v2\/pages"}],"about":[{"href":"https:\/\/open-boat-projects.org\/de\/wp-json\/wp\/v2\/types\/page"}],"author":[{"embeddable":true,"href":"https:\/\/open-boat-projects.org\/de\/wp-json\/wp\/v2\/users\/2"}],"replies":[{"embeddable":true,"href":"https:\/\/open-boat-projects.org\/de\/wp-json\/wp\/v2\/comments?post=1317"}],"version-history":[{"count":8,"href":"https:\/\/open-boat-projects.org\/de\/wp-json\/wp\/v2\/pages\/1317\/revisions"}],"predecessor-version":[{"id":1907,"href":"https:\/\/open-boat-projects.org\/de\/wp-json\/wp\/v2\/pages\/1317\/revisions\/1907"}],"wp:attachment":[{"href":"https:\/\/open-boat-projects.org\/de\/wp-json\/wp\/v2\/media?parent=1317"}],"wp:term":[{"taxonomy":"category","embeddable":true,"href":"https:\/\/open-boat-projects.org\/de\/wp-json\/wp\/v2\/categories?post=1317"},{"taxonomy":"post_tag","embeddable":true,"href":"https:\/\/open-boat-projects.org\/de\/wp-json\/wp\/v2\/tags?post=1317"}],"curies":[{"name":"wp","href":"https:\/\/api.w.org\/{rel}","templated":true}]}}