{"id":127,"date":"2019-11-25T11:19:49","date_gmt":"2019-11-25T11:19:49","guid":{"rendered":"https:\/\/open-boat-projects.org\/?page_id=127"},"modified":"2022-01-07T10:13:13","modified_gmt":"2022-01-07T10:13:13","slug":"signalk","status":"publish","type":"page","link":"https:\/\/open-boat-projects.org\/de\/signalk\/","title":{"rendered":"SignalK"},"content":{"rendered":"<p><a href=\"https:\/\/open-boat-projects.org\/wichtige-hinweise\/\" target=\"_blank\" rel=\"noopener\"><em><strong>Vorab ein paar wichtige Hinweise die sie unbedingt beachten sollten.<\/strong><\/em><\/a><\/p>\n<h5>Die eierlegende Wollmilchsau: <a href=\"http:\/\/signalk.org\/\" target=\"_blank\" rel=\"noopener noreferrer\">signalk.org<\/a><\/h5>\n<p><img loading=\"lazy\" decoding=\"async\" class=\" wp-image-210 alignleft\" src=\"https:\/\/open-boat-projects.org\/wp-content\/uploads\/2019\/11\/signalK.jpg\" alt=\"\" width=\"134\" height=\"101\" \/>SignalK ist ein offener Standard zur \u00dcbertragung von Daten auf einem Boot. Inzwischen wurden rund um diese Idee Schnittstellen f\u00fcr alle namhaften \u00dcbertragungsprotokolle entwickelt.:<\/p>\n<p>&nbsp;<\/p>\n<ul>\n<li>NMEA2000<\/li>\n<li>NMEA0183<\/li>\n<li>homebridge<\/li>\n<li>AWS IoT<\/li>\n<li>VE.Direct<\/li>\n<li>EmpirBus<\/li>\n<li>MQTT<\/li>\n<li>&#8230;<\/li>\n<\/ul>\n<p><img loading=\"lazy\" decoding=\"async\" class=\"alignnone wp-image-1573 size-large\" src=\"https:\/\/open-boat-projects.org\/wp-content\/uploads\/2021\/04\/SignalK-1024x618.png\" alt=\"\" width=\"952\" height=\"575\" srcset=\"https:\/\/open-boat-projects.org\/wp-content\/uploads\/2021\/04\/SignalK-1024x618.png 1024w, https:\/\/open-boat-projects.org\/wp-content\/uploads\/2021\/04\/SignalK-300x181.png 300w, https:\/\/open-boat-projects.org\/wp-content\/uploads\/2021\/04\/SignalK-768x464.png 768w, https:\/\/open-boat-projects.org\/wp-content\/uploads\/2021\/04\/SignalK-16x10.png 16w, https:\/\/open-boat-projects.org\/wp-content\/uploads\/2021\/04\/SignalK.png 1125w\" sizes=\"auto, (max-width: 952px) 100vw, 952px\" \/><\/p>\n<p>Abb: SignalK Dashboard<\/p>\n<p><img loading=\"lazy\" decoding=\"async\" class=\"alignnone wp-image-1518 size-full\" src=\"https:\/\/open-boat-projects.org\/wp-content\/uploads\/2021\/04\/InstrumentPanael_SignalK-1.png\" alt=\"\" width=\"1007\" height=\"619\" srcset=\"https:\/\/open-boat-projects.org\/wp-content\/uploads\/2021\/04\/InstrumentPanael_SignalK-1.png 1007w, https:\/\/open-boat-projects.org\/wp-content\/uploads\/2021\/04\/InstrumentPanael_SignalK-1-300x184.png 300w, https:\/\/open-boat-projects.org\/wp-content\/uploads\/2021\/04\/InstrumentPanael_SignalK-1-768x472.png 768w, https:\/\/open-boat-projects.org\/wp-content\/uploads\/2021\/04\/InstrumentPanael_SignalK-1-16x10.png 16w\" sizes=\"auto, (max-width: 1007px) 100vw, 1007px\" \/><\/p>\n<p>Abb: Instrumenten Panel<\/p>\n<p>Der SignalK-Server eignet sich somit hervorragend zur Migration alter und neuer Sensoren auf dem Schiff.<br \/>\nDamit nicht genug: Eine stetig wachsende Anzahl von Aktoren an Bord kann ebenso bedient werden.<\/p>\n<p>Eine ausf\u00fchrliche Dokumentation ist hier zu finden: <a href=\"https:\/\/signalk.org\/specification\/1.5.0\/doc\/\" target=\"_blank\" rel=\"noopener\">https:\/\/signalk.org\/specification\/1.5.0\/doc\/<\/a><\/p>\n<p>Wer einmal reinschauen m\u00f6chte wie das funktioniert kann sich dieses Demo anschauen: <a href=\"http:\/\/demo.signalk.org\/admin\/#\/databrowser\" target=\"_blank\" rel=\"noopener\">http:\/\/demo.signalk.org\/admin\/#\/databrowser<\/a><\/p>\n","protected":false},"excerpt":{"rendered":"<p>Vorab ein paar wichtige Hinweise die sie unbedingt beachten sollten. Die eierlegende Wollmilchsau: signalk.org SignalK ist ein offener Standard zur \u00dcbertragung von Daten auf einem Boot. Inzwischen wurden rund um diese Idee Schnittstellen f\u00fcr alle namhaften \u00dcbertragungsprotokolle entwickelt.: &nbsp; NMEA2000 NMEA0183 homebridge AWS IoT VE.Direct EmpirBus MQTT &#8230; Abb: SignalK Dashboard Abb: Instrumenten Panel Der&hellip; <a href=\"https:\/\/open-boat-projects.org\/de\/signalk\/\" class=\"more-link\">Weiterlesen <span class=\"screen-reader-text\">SignalK<\/span><\/a><\/p>\n","protected":false},"author":1,"featured_media":0,"parent":0,"menu_order":0,"comment_status":"closed","ping_status":"closed","template":"","meta":{"footnotes":""},"categories":[39,37],"tags":[],"class_list":["post-127","page","type-page","status-publish","hentry","category-opensource","category-projects"],"_links":{"self":[{"href":"https:\/\/open-boat-projects.org\/de\/wp-json\/wp\/v2\/pages\/127","targetHints":{"allow":["GET"]}}],"collection":[{"href":"https:\/\/open-boat-projects.org\/de\/wp-json\/wp\/v2\/pages"}],"about":[{"href":"https:\/\/open-boat-projects.org\/de\/wp-json\/wp\/v2\/types\/page"}],"author":[{"embeddable":true,"href":"https:\/\/open-boat-projects.org\/de\/wp-json\/wp\/v2\/users\/1"}],"replies":[{"embeddable":true,"href":"https:\/\/open-boat-projects.org\/de\/wp-json\/wp\/v2\/comments?post=127"}],"version-history":[{"count":15,"href":"https:\/\/open-boat-projects.org\/de\/wp-json\/wp\/v2\/pages\/127\/revisions"}],"predecessor-version":[{"id":2491,"href":"https:\/\/open-boat-projects.org\/de\/wp-json\/wp\/v2\/pages\/127\/revisions\/2491"}],"wp:attachment":[{"href":"https:\/\/open-boat-projects.org\/de\/wp-json\/wp\/v2\/media?parent=127"}],"wp:term":[{"taxonomy":"category","embeddable":true,"href":"https:\/\/open-boat-projects.org\/de\/wp-json\/wp\/v2\/categories?post=127"},{"taxonomy":"post_tag","embeddable":true,"href":"https:\/\/open-boat-projects.org\/de\/wp-json\/wp\/v2\/tags?post=127"}],"curies":[{"name":"wp","href":"https:\/\/api.w.org\/{rel}","templated":true}]}}