{"id":1248,"date":"2021-01-17T14:37:50","date_gmt":"2021-01-17T14:37:50","guid":{"rendered":"https:\/\/open-boat-projects.org\/?page_id=1248"},"modified":"2022-02-01T09:52:50","modified_gmt":"2022-02-01T09:52:50","slug":"ruuvi-sensor-tag-in-signalk-integrieren","status":"publish","type":"page","link":"https:\/\/open-boat-projects.org\/de\/ruuvi-sensor-tag-in-signalk-integrieren\/","title":{"rendered":"Ruuvi Sensor Tag in SignalK integrieren"},"content":{"rendered":"<p>Video: <a href=\"https:\/\/youtu.be\/NCJYmDuf2Jg\" target=\"_blank\" rel=\"noopener\">https:\/\/youtu.be\/NCJYmDuf2Jg<\/a><\/p>\n<p><img loading=\"lazy\" decoding=\"async\" class=\"alignnone wp-image-1304 size-full\" src=\"https:\/\/open-boat-projects.org\/wp-content\/uploads\/2021\/02\/IMG_20210126_122108.jpeg\" alt=\"\" width=\"800\" height=\"533\" srcset=\"https:\/\/open-boat-projects.org\/wp-content\/uploads\/2021\/02\/IMG_20210126_122108.jpeg 800w, https:\/\/open-boat-projects.org\/wp-content\/uploads\/2021\/02\/IMG_20210126_122108-300x200.jpeg 300w, https:\/\/open-boat-projects.org\/wp-content\/uploads\/2021\/02\/IMG_20210126_122108-768x512.jpeg 768w, https:\/\/open-boat-projects.org\/wp-content\/uploads\/2021\/02\/IMG_20210126_122108-16x12.jpeg 16w\" sizes=\"auto, (max-width: 800px) 100vw, 800px\" \/><\/p>\n<p>Das <a href=\"https:\/\/ruuvi.com\/\">Ruuvi Sensor Tag<\/a> ist ein kleines smartes Sensor-Device. Damit k\u00f6nnen folgende Daten erfasst werden:<\/p>\n<ul>\n<li>Temperatur<\/li>\n<li>Luftfeuchte<\/li>\n<li>Luftdruck<\/li>\n<li>3-Achs Beschleunigungssensor<\/li>\n<li>wasserdichtes Geh\u00e4use<\/li>\n<li>Datenspeicherung in Handy App<\/li>\n<li>Android- und IPhone-App verf\u00fcgbar<\/li>\n<\/ul>\n<p>Die Daten werden energiesparend per Bluetooth Low Energy in definierten Zeitabst\u00e4nden zu einem Datenendger\u00e4t gesendet. Das kann z.B. ein Handy sein wo man sich die Daten anschauen kann. Es gibt aber auch ein Gateway womit die Daten auch in andere Systeme \u00fcbertragen werden k\u00f6nnen wie:<\/p>\n<ul>\n<li>SignalK<\/li>\n<li>Grafana<\/li>\n<li>Io-Tool<\/li>\n<li>Steamr<\/li>\n<li>TTN-Netzwerk<\/li>\n<li>Node Red<\/li>\n<li>und viele weitere Dienste<\/li>\n<\/ul>\n<p>Das Ruuvi Sensor Tag verf\u00fcgt \u00fcber einen gro\u00dfen 1000mAh-Akku in Form einer CR2477 Batterie. Damit lassen sich Datenaufzeichnungen von bis zu 3 Jahren je nach Aufzeichnungsrate realisieren, wobei die Datenspeicherung mit der aktuellen ausgelieferten Firmware 2.5.9 extern und nicht im Ruuvi Sensor Tag erfolgt. Dazu wird entweder das Handy oder ein Gateway zur \u00dcbertragung der Daten in andere Systeme benutzt. Ab der <a href=\"https:\/\/lab.ruuvi.com\/dfu\/\">Beta-Firmware 3.29.3<\/a> funktioniert dann auch das interne Speichern der Daten. Das Geh\u00e4use verf\u00fcgt \u00fcber 2 Tasten und zwei LEDs und misst 52mm im Durchmesser, ist 12,5 mm Dick und wiegt 25g. Eine <a href=\"https:\/\/ruuvi.com\/files\/ruuvitag-tech-spec-2019-7.pdf\">genaue Spezifikation ist hier<\/a> zu finden. Das Ruuvi Sensor Tag ist im Rahmen einer Couwdfunding-Aktion entstanden und verfolgt eine offene Strategie von OpenHardware und OpenSource. Ein gro\u00dfer Teil der <a href=\"https:\/\/lab.ruuvi.com\/pinout\/\">Bauunterlagen ist frei verf\u00fcgbar<\/a>. Auf der Homepage des Herstellers k\u00f6nnen verschiedene <a href=\"https:\/\/lab.ruuvi.com\/ruuvitag-fw\/\">Firmware-Versionen<\/a> f\u00fcr unterschiedliche Anwendungen herunter geladen werden.<\/p>\n<p>Die Integration des Sensor Tag in SignalK erfolgt \u00fcber das <a href=\"https:\/\/github.com\/vokkim\/signalk-ruuvitag-plugin\">signalk-ruuvitag-plugin<\/a>. \u00dcber das Plugin kann der entsprechende Sensor Tag anhand seiner ID ausgew\u00e4hlt werden und recht einfach einem Sensor-Schema in SignalK zugeordnet werden. Die empfangenen Daten k\u00f6nnen dann live im Instrumenten Paneel angezeigt werden. \u00dcber die InfluxDB in SignalK lassen sich mit Grafana Langzeitauswertungen vornehmen.<\/p>\n<p>Die gleichnamige finnische Firma Ruuvi bietet den Sensor Tag f\u00fcr 35 Euro in \u00fcber 100 L\u00e4ndern an.<\/p>\n<p><img loading=\"lazy\" decoding=\"async\" class=\"alignnone wp-image-1252 size-large\" src=\"https:\/\/open-boat-projects.org\/wp-content\/uploads\/2021\/01\/grafana-1024x548.jpeg\" alt=\"\" width=\"952\" height=\"509\" srcset=\"https:\/\/open-boat-projects.org\/wp-content\/uploads\/2021\/01\/grafana-1024x548.jpeg 1024w, https:\/\/open-boat-projects.org\/wp-content\/uploads\/2021\/01\/grafana-300x161.jpeg 300w, https:\/\/open-boat-projects.org\/wp-content\/uploads\/2021\/01\/grafana-768x411.jpeg 768w, https:\/\/open-boat-projects.org\/wp-content\/uploads\/2021\/01\/grafana-16x9.jpeg 16w, https:\/\/open-boat-projects.org\/wp-content\/uploads\/2021\/01\/grafana.jpeg 1500w\" sizes=\"auto, (max-width: 952px) 100vw, 952px\" \/><\/p>\n<p>Langzeitauswertung mit Grafana<\/p>\n<p><img loading=\"lazy\" decoding=\"async\" class=\"alignnone wp-image-1255 size-medium\" src=\"https:\/\/open-boat-projects.org\/wp-content\/uploads\/2021\/01\/ruuvitag-pcb-268x300.jpeg\" alt=\"\" width=\"268\" height=\"300\" srcset=\"https:\/\/open-boat-projects.org\/wp-content\/uploads\/2021\/01\/ruuvitag-pcb-268x300.jpeg 268w, https:\/\/open-boat-projects.org\/wp-content\/uploads\/2021\/01\/ruuvitag-pcb-768x859.jpeg 768w, https:\/\/open-boat-projects.org\/wp-content\/uploads\/2021\/01\/ruuvitag-pcb-11x12.jpeg 11w, https:\/\/open-boat-projects.org\/wp-content\/uploads\/2021\/01\/ruuvitag-pcb.jpeg 808w\" sizes=\"auto, (max-width: 268px) 100vw, 268px\" \/><\/p>\n<p>Vorderseite Ruuvi Sensor Tag<\/p>\n<p><img loading=\"lazy\" decoding=\"async\" class=\"alignnone wp-image-1254 size-medium\" src=\"https:\/\/open-boat-projects.org\/wp-content\/uploads\/2021\/01\/pinout-300x288.jpeg\" alt=\"\" width=\"300\" height=\"288\" srcset=\"https:\/\/open-boat-projects.org\/wp-content\/uploads\/2021\/01\/pinout-300x288.jpeg 300w, https:\/\/open-boat-projects.org\/wp-content\/uploads\/2021\/01\/pinout-1024x982.jpeg 1024w, https:\/\/open-boat-projects.org\/wp-content\/uploads\/2021\/01\/pinout-768x736.jpeg 768w, https:\/\/open-boat-projects.org\/wp-content\/uploads\/2021\/01\/pinout-1536x1472.jpeg 1536w, https:\/\/open-boat-projects.org\/wp-content\/uploads\/2021\/01\/pinout-13x12.jpeg 13w, https:\/\/open-boat-projects.org\/wp-content\/uploads\/2021\/01\/pinout.jpeg 2000w\" sizes=\"auto, (max-width: 300px) 100vw, 300px\" \/><\/p>\n<p>Erweiterungsanschl\u00fcsse des Ruuvi Sensor Tag auf der R\u00fcckseite<\/p>\n<p><img loading=\"lazy\" decoding=\"async\" class=\"alignnone wp-image-1299 size-large\" src=\"https:\/\/open-boat-projects.org\/wp-content\/uploads\/2021\/02\/Bildschirmfoto-2021-01-30-um-11.33.47-1024x385.png\" alt=\"\" width=\"952\" height=\"358\" srcset=\"https:\/\/open-boat-projects.org\/wp-content\/uploads\/2021\/02\/Bildschirmfoto-2021-01-30-um-11.33.47-1024x385.png 1024w, https:\/\/open-boat-projects.org\/wp-content\/uploads\/2021\/02\/Bildschirmfoto-2021-01-30-um-11.33.47-300x113.png 300w, https:\/\/open-boat-projects.org\/wp-content\/uploads\/2021\/02\/Bildschirmfoto-2021-01-30-um-11.33.47-768x289.png 768w, https:\/\/open-boat-projects.org\/wp-content\/uploads\/2021\/02\/Bildschirmfoto-2021-01-30-um-11.33.47-16x6.png 16w, https:\/\/open-boat-projects.org\/wp-content\/uploads\/2021\/02\/Bildschirmfoto-2021-01-30-um-11.33.47.png 1372w\" sizes=\"auto, (max-width: 952px) 100vw, 952px\" \/><\/p>\n<p>Visualisierung mit Grafana<\/p>\n<p>&nbsp;<\/p>\n<p><img loading=\"lazy\" decoding=\"async\" class=\"alignnone wp-image-1300 size-full\" src=\"https:\/\/open-boat-projects.org\/wp-content\/uploads\/2021\/02\/IMG_4669.png\" alt=\"\" width=\"185\" height=\"400\" srcset=\"https:\/\/open-boat-projects.org\/wp-content\/uploads\/2021\/02\/IMG_4669.png 185w, https:\/\/open-boat-projects.org\/wp-content\/uploads\/2021\/02\/IMG_4669-139x300.png 139w, https:\/\/open-boat-projects.org\/wp-content\/uploads\/2021\/02\/IMG_4669-6x12.png 6w\" sizes=\"auto, (max-width: 185px) 100vw, 185px\" \/> <img loading=\"lazy\" decoding=\"async\" class=\"alignnone wp-image-1301 size-full\" src=\"https:\/\/open-boat-projects.org\/wp-content\/uploads\/2021\/02\/IMG_4670.png\" alt=\"\" width=\"185\" height=\"400\" srcset=\"https:\/\/open-boat-projects.org\/wp-content\/uploads\/2021\/02\/IMG_4670.png 185w, https:\/\/open-boat-projects.org\/wp-content\/uploads\/2021\/02\/IMG_4670-139x300.png 139w, https:\/\/open-boat-projects.org\/wp-content\/uploads\/2021\/02\/IMG_4670-6x12.png 6w\" sizes=\"auto, (max-width: 185px) 100vw, 185px\" \/>\u00a0 <img loading=\"lazy\" decoding=\"async\" class=\"alignnone wp-image-1303 size-full\" src=\"https:\/\/open-boat-projects.org\/wp-content\/uploads\/2021\/02\/IMG_4672.png\" alt=\"\" width=\"185\" height=\"400\" srcset=\"https:\/\/open-boat-projects.org\/wp-content\/uploads\/2021\/02\/IMG_4672.png 185w, https:\/\/open-boat-projects.org\/wp-content\/uploads\/2021\/02\/IMG_4672-139x300.png 139w, https:\/\/open-boat-projects.org\/wp-content\/uploads\/2021\/02\/IMG_4672-6x12.png 6w\" sizes=\"auto, (max-width: 185px) 100vw, 185px\" \/><\/p>\n<p>Datenanzeige in Handy App<\/p>\n<h2>Weiterf\u00fchrende Links<\/h2>\n<p><a href=\"https:\/\/github.com\/ruuvi\">https:\/\/github.com\/ruuvi<\/a><\/p>\n","protected":false},"excerpt":{"rendered":"<p>Video: https:\/\/youtu.be\/NCJYmDuf2Jg Das Ruuvi Sensor Tag ist ein kleines smartes Sensor-Device. Damit k\u00f6nnen folgende Daten erfasst werden: Temperatur Luftfeuchte Luftdruck 3-Achs Beschleunigungssensor wasserdichtes Geh\u00e4use Datenspeicherung in Handy App Android- und IPhone-App verf\u00fcgbar Die Daten werden energiesparend per Bluetooth Low Energy in definierten Zeitabst\u00e4nden zu einem Datenendger\u00e4t gesendet. Das kann z.B. ein Handy sein wo man&hellip; <a href=\"https:\/\/open-boat-projects.org\/de\/ruuvi-sensor-tag-in-signalk-integrieren\/\" class=\"more-link\">Weiterlesen <span class=\"screen-reader-text\">Ruuvi Sensor Tag in SignalK integrieren<\/span><\/a><\/p>\n","protected":false},"author":2,"featured_media":0,"parent":0,"menu_order":0,"comment_status":"closed","ping_status":"closed","template":"","meta":{"footnotes":""},"categories":[40,39,37],"tags":[],"class_list":["post-1248","page","type-page","status-publish","hentry","category-openhardware","category-opensource","category-projects"],"_links":{"self":[{"href":"https:\/\/open-boat-projects.org\/de\/wp-json\/wp\/v2\/pages\/1248","targetHints":{"allow":["GET"]}}],"collection":[{"href":"https:\/\/open-boat-projects.org\/de\/wp-json\/wp\/v2\/pages"}],"about":[{"href":"https:\/\/open-boat-projects.org\/de\/wp-json\/wp\/v2\/types\/page"}],"author":[{"embeddable":true,"href":"https:\/\/open-boat-projects.org\/de\/wp-json\/wp\/v2\/users\/2"}],"replies":[{"embeddable":true,"href":"https:\/\/open-boat-projects.org\/de\/wp-json\/wp\/v2\/comments?post=1248"}],"version-history":[{"count":19,"href":"https:\/\/open-boat-projects.org\/de\/wp-json\/wp\/v2\/pages\/1248\/revisions"}],"predecessor-version":[{"id":2800,"href":"https:\/\/open-boat-projects.org\/de\/wp-json\/wp\/v2\/pages\/1248\/revisions\/2800"}],"wp:attachment":[{"href":"https:\/\/open-boat-projects.org\/de\/wp-json\/wp\/v2\/media?parent=1248"}],"wp:term":[{"taxonomy":"category","embeddable":true,"href":"https:\/\/open-boat-projects.org\/de\/wp-json\/wp\/v2\/categories?post=1248"},{"taxonomy":"post_tag","embeddable":true,"href":"https:\/\/open-boat-projects.org\/de\/wp-json\/wp\/v2\/tags?post=1248"}],"curies":[{"name":"wp","href":"https:\/\/api.w.org\/{rel}","templated":true}]}}