{"id":122,"date":"2019-11-28T11:13:00","date_gmt":"2019-11-28T11:13:00","guid":{"rendered":"https:\/\/open-boat-projects.org\/?page_id=122"},"modified":"2020-01-24T08:55:18","modified_gmt":"2020-01-24T08:55:18","slug":"opendata","status":"publish","type":"page","link":"https:\/\/open-boat-projects.org\/de\/opendata\/","title":{"rendered":"OpenData"},"content":{"rendered":"<p><img loading=\"lazy\" decoding=\"async\" class=\"size-full wp-image-213 alignleft\" src=\"https:\/\/open-boat-projects.org\/wp-content\/uploads\/2019\/11\/openSeaMap.jpg\" alt=\"\" width=\"91\" height=\"88\" \/>Die Datenbank des <a href=\"https:\/\/www.openstreetmap.de\/\" target=\"_blank\" rel=\"noopener noreferrer\">OpenStreetMap<\/a>-Projekts enth\u00e4lt zahlreiche Geoinformationen, die f\u00fcr die Planung einer Bootsreise durchaus n\u00fctzlich sind.<br \/>\n<a href=\"https:\/\/wiki.opennauticalchart.org\" target=\"_blank\" rel=\"noopener noreferrer\">OpenNauticalChart<\/a> erstellt hieraus ein seamark-overlay, <a href=\"https:\/\/www.openseamap.org\" target=\"_blank\" rel=\"noopener noreferrer\">OpenSeaMap<\/a> stellt dieses online zur Verf\u00fcgung. Kartenpakete stehen zus\u00e4tzlich zum Download bereit.<br \/>\nRund um diese Idee sind unterschiedlichste Kartenstile und Anwendungen entstanden. Besonders f\u00fcr den <a href=\"https:\/\/maps.grade.de\/\" target=\"_blank\" rel=\"noopener noreferrer\">Binnenskipper<\/a> sind alle notwendigen Information rund um Br\u00fcckenh\u00f6hen, Schleusenzeiten und sogar Routenplanung durch ganz Europa vorhanden.<\/p>\n<p>Um die Karten zu vervollst\u00e4ndigen, sind Informationen \u00fcber die Wassertiefe unabdingbar: <a href=\"https:\/\/www.opendem.info\/bathymetrysearcher.html\" target=\"_blank\" rel=\"noopener noreferrer\">openDEM<\/a> zeigt, in welchen Seegebieten freie Daten zur Verf\u00fcgung stehen.<\/p>\n<p>Das Projekt lebt von vielen Freiwilligen, die kontinuierlich Daten aktualisieren!<\/p>\n<p>&nbsp;<\/p>\n","protected":false},"excerpt":{"rendered":"<p>Die Datenbank des OpenStreetMap-Projekts enth\u00e4lt zahlreiche Geoinformationen, die f\u00fcr die Planung einer Bootsreise durchaus n\u00fctzlich sind. OpenNauticalChart erstellt hieraus ein seamark-overlay, OpenSeaMap stellt dieses online zur Verf\u00fcgung. Kartenpakete stehen zus\u00e4tzlich zum Download bereit. Rund um diese Idee sind unterschiedlichste Kartenstile und Anwendungen entstanden. Besonders f\u00fcr den Binnenskipper sind alle notwendigen Information rund um Br\u00fcckenh\u00f6hen, Schleusenzeiten&hellip; <a href=\"https:\/\/open-boat-projects.org\/de\/opendata\/\" class=\"more-link\">Weiterlesen <span class=\"screen-reader-text\">OpenData<\/span><\/a><\/p>\n","protected":false},"author":1,"featured_media":0,"parent":0,"menu_order":0,"comment_status":"closed","ping_status":"closed","template":"","meta":{"footnotes":""},"categories":[41,37],"tags":[],"class_list":["post-122","page","type-page","status-publish","hentry","category-opendata","category-projects"],"_links":{"self":[{"href":"https:\/\/open-boat-projects.org\/de\/wp-json\/wp\/v2\/pages\/122","targetHints":{"allow":["GET"]}}],"collection":[{"href":"https:\/\/open-boat-projects.org\/de\/wp-json\/wp\/v2\/pages"}],"about":[{"href":"https:\/\/open-boat-projects.org\/de\/wp-json\/wp\/v2\/types\/page"}],"author":[{"embeddable":true,"href":"https:\/\/open-boat-projects.org\/de\/wp-json\/wp\/v2\/users\/1"}],"replies":[{"embeddable":true,"href":"https:\/\/open-boat-projects.org\/de\/wp-json\/wp\/v2\/comments?post=122"}],"version-history":[{"count":6,"href":"https:\/\/open-boat-projects.org\/de\/wp-json\/wp\/v2\/pages\/122\/revisions"}],"predecessor-version":[{"id":814,"href":"https:\/\/open-boat-projects.org\/de\/wp-json\/wp\/v2\/pages\/122\/revisions\/814"}],"wp:attachment":[{"href":"https:\/\/open-boat-projects.org\/de\/wp-json\/wp\/v2\/media?parent=122"}],"wp:term":[{"taxonomy":"category","embeddable":true,"href":"https:\/\/open-boat-projects.org\/de\/wp-json\/wp\/v2\/categories?post=122"},{"taxonomy":"post_tag","embeddable":true,"href":"https:\/\/open-boat-projects.org\/de\/wp-json\/wp\/v2\/tags?post=122"}],"curies":[{"name":"wp","href":"https:\/\/api.w.org\/{rel}","templated":true}]}}