{"id":1212,"date":"2021-01-13T11:30:46","date_gmt":"2021-01-13T11:30:46","guid":{"rendered":"https:\/\/open-boat-projects.org\/?page_id=1212"},"modified":"2023-07-13T07:55:27","modified_gmt":"2023-07-13T07:55:27","slug":"galadrielmap-navigationssoftware","status":"publish","type":"page","link":"https:\/\/open-boat-projects.org\/de\/galadrielmap-navigationssoftware\/","title":{"rendered":"GaladrielMap Navigationssoftware"},"content":{"rendered":"<p><a href=\"https:\/\/open-boat-projects.org\/wichtige-hinweise\/\" target=\"_blank\" rel=\"noopener\"><em><strong>Vorab ein paar wichtige Hinweise die sie unbedingt beachten sollten.<\/strong><\/em><\/a><\/p>\n<p><img loading=\"lazy\" decoding=\"async\" class=\"alignnone wp-image-1215 size-large\" src=\"https:\/\/open-boat-projects.org\/wp-content\/uploads\/2021\/01\/s2-1024x640.png\" alt=\"\" width=\"952\" height=\"595\" srcset=\"https:\/\/open-boat-projects.org\/wp-content\/uploads\/2021\/01\/s2-1024x640.png 1024w, https:\/\/open-boat-projects.org\/wp-content\/uploads\/2021\/01\/s2-300x188.png 300w, https:\/\/open-boat-projects.org\/wp-content\/uploads\/2021\/01\/s2-768x480.png 768w, https:\/\/open-boat-projects.org\/wp-content\/uploads\/2021\/01\/s2-1536x960.png 1536w, https:\/\/open-boat-projects.org\/wp-content\/uploads\/2021\/01\/s2-16x10.png 16w, https:\/\/open-boat-projects.org\/wp-content\/uploads\/2021\/01\/s2.png 1920w\" sizes=\"auto, (max-width: 952px) 100vw, 952px\" \/><\/p>\n<p>GaladrielMap ist eine webbasierte Navigationssoftware von Vladimir Kalachikhin. Der Name der Software ist nach seinem Boot benannt. Die Software basiert auf einer Vielzahl von PHP-Scripten die Webseiten erzeugen und \u00fcber einen Webserver ver\u00f6ffentlicht werden. Die Webseiten k\u00f6nne auf beliebigen Endger\u00e4te wie Handy, Tablett und Laptop angezeigt werden. Es wird nur ein Webbrowser auf dem Endger\u00e4t ben\u00f6tigt. Die Ausgaben der Navigationssoftware k\u00f6nnen unter allen g\u00e4ngigen Betriebssystemen angezeigt werden. GaladrielMap verf\u00fcgt \u00fcber folgende Funktionen:<\/p>\n<ul>\n<li>Darstellung von Seekarten online und offline \u00fcber Cache (<a href=\"https:\/\/www.openseamap.org\/index.php?id=openseamap&amp;no_cache=1\">OpenSeaMa<\/a>p, OpenTopoMap)<\/li>\n<li>Darstellung der eigenen Position \u00fcber bereitgestellte GPS-Daten durch gpsd<\/li>\n<li>Erstellung eigener Routen<\/li>\n<li>Erstellung von gefahrenen Routen oder POIs als gpx, kml und csv<\/li>\n<li>Anzeige von AIS informationen<\/li>\n<li>Teilen der eigenen AIS Position mit anderen<\/li>\n<li>Darstellung der Wettervorschau \u00fcber <a href=\"http:\/\/weather.openportguide.de\/index.php\/en\/\">Thomas Kr\u00fcger Wetterservice<\/a><\/li>\n<li>Dashbord zur Anzeige von Navigationsdaten als Zahlenwerte<\/li>\n<\/ul>\n<p>F\u00fcr GaladrielMap gibt es eine <a href=\"https:\/\/is.gd\/ZmMTBN\">viruelle Maschine<\/a> f\u00fcr Virtual Box zum Testen der Software-Funktionalit\u00e4t. Es gibt auch ein <a href=\"https:\/\/is.gd\/Tan6ZB\">lauff\u00e4higes Image f\u00fcr einen RaspberryPi<\/a> mit dem ein fertiger Server mit allen notwendigen Komponenten aufgesetzt werden kann. Dazu muss das Image nur auf eine 32GB SD-Karte gespeichert und anschlie\u00dfend in den RaspberryPi gesteckt werden. Neben dem RaspberryPi besteht auch die M\u00f6glichkeit die Navigationssoftware auf einem modifizierten WLAN-Router mit OpenWRT laufen zu lassen.<\/p>\n<p>Eine Beschreibung und genaue Installationsanleitung ist bei Github zu finden: <a href=\"https:\/\/vladimirkalachikhin.github.io\/Galadriel-map\/\">https:\/\/vladimirkalachikhin.github.io\/Galadriel-map\/<\/a><\/p>\n<p><img loading=\"lazy\" decoding=\"async\" class=\"alignnone wp-image-1216 size-full\" src=\"https:\/\/open-boat-projects.org\/wp-content\/uploads\/2021\/01\/s3.png\" alt=\"\" width=\"1007\" height=\"702\" srcset=\"https:\/\/open-boat-projects.org\/wp-content\/uploads\/2021\/01\/s3.png 1007w, https:\/\/open-boat-projects.org\/wp-content\/uploads\/2021\/01\/s3-300x209.png 300w, https:\/\/open-boat-projects.org\/wp-content\/uploads\/2021\/01\/s3-768x535.png 768w, https:\/\/open-boat-projects.org\/wp-content\/uploads\/2021\/01\/s3-16x12.png 16w\" sizes=\"auto, (max-width: 1007px) 100vw, 1007px\" \/><\/p>\n<p>Routenerstellung<\/p>\n<p><img loading=\"lazy\" decoding=\"async\" class=\"alignnone wp-image-1217 size-full\" src=\"https:\/\/open-boat-projects.org\/wp-content\/uploads\/2021\/01\/s4.png\" alt=\"\" width=\"894\" height=\"631\" srcset=\"https:\/\/open-boat-projects.org\/wp-content\/uploads\/2021\/01\/s4.png 894w, https:\/\/open-boat-projects.org\/wp-content\/uploads\/2021\/01\/s4-300x212.png 300w, https:\/\/open-boat-projects.org\/wp-content\/uploads\/2021\/01\/s4-768x542.png 768w, https:\/\/open-boat-projects.org\/wp-content\/uploads\/2021\/01\/s4-16x12.png 16w\" sizes=\"auto, (max-width: 894px) 100vw, 894px\" \/><\/p>\n<p>Offline-Seekarten erzeugen<\/p>\n<p><img loading=\"lazy\" decoding=\"async\" class=\"alignnone wp-image-1222 size-full\" src=\"https:\/\/open-boat-projects.org\/wp-content\/uploads\/2021\/01\/s9-1.png\" alt=\"\" width=\"1036\" height=\"738\" srcset=\"https:\/\/open-boat-projects.org\/wp-content\/uploads\/2021\/01\/s9-1.png 1036w, https:\/\/open-boat-projects.org\/wp-content\/uploads\/2021\/01\/s9-1-300x214.png 300w, https:\/\/open-boat-projects.org\/wp-content\/uploads\/2021\/01\/s9-1-1024x729.png 1024w, https:\/\/open-boat-projects.org\/wp-content\/uploads\/2021\/01\/s9-1-768x547.png 768w, https:\/\/open-boat-projects.org\/wp-content\/uploads\/2021\/01\/s9-1-16x12.png 16w\" sizes=\"auto, (max-width: 1036px) 100vw, 1036px\" \/><\/p>\n<p>Anzeige von AIS Informationen<\/p>\n<p><img loading=\"lazy\" decoding=\"async\" class=\"alignnone wp-image-1226 size-full\" src=\"https:\/\/open-boat-projects.org\/wp-content\/uploads\/2021\/01\/s13.png\" alt=\"\" width=\"1008\" height=\"635\" srcset=\"https:\/\/open-boat-projects.org\/wp-content\/uploads\/2021\/01\/s13.png 1008w, https:\/\/open-boat-projects.org\/wp-content\/uploads\/2021\/01\/s13-300x189.png 300w, https:\/\/open-boat-projects.org\/wp-content\/uploads\/2021\/01\/s13-768x484.png 768w, https:\/\/open-boat-projects.org\/wp-content\/uploads\/2021\/01\/s13-16x10.png 16w\" sizes=\"auto, (max-width: 1008px) 100vw, 1008px\" \/><\/p>\n<p>Teilen des eigenen Standortes mit anderen<\/p>\n<p><img loading=\"lazy\" decoding=\"async\" class=\"alignnone wp-image-1221 size-large\" src=\"https:\/\/open-boat-projects.org\/wp-content\/uploads\/2021\/01\/s8-1024x692.png\" alt=\"\" width=\"952\" height=\"643\" srcset=\"https:\/\/open-boat-projects.org\/wp-content\/uploads\/2021\/01\/s8-1024x692.png 1024w, https:\/\/open-boat-projects.org\/wp-content\/uploads\/2021\/01\/s8-300x203.png 300w, https:\/\/open-boat-projects.org\/wp-content\/uploads\/2021\/01\/s8-768x519.png 768w, https:\/\/open-boat-projects.org\/wp-content\/uploads\/2021\/01\/s8-16x12.png 16w, https:\/\/open-boat-projects.org\/wp-content\/uploads\/2021\/01\/s8.png 1065w\" sizes=\"auto, (max-width: 952px) 100vw, 952px\" \/><\/p>\n<p>Anzeige von Wetterinformationen<\/p>\n<p><img loading=\"lazy\" decoding=\"async\" class=\"alignnone wp-image-1218 size-full\" src=\"https:\/\/open-boat-projects.org\/wp-content\/uploads\/2021\/01\/s5.png\" alt=\"\" width=\"894\" height=\"631\" srcset=\"https:\/\/open-boat-projects.org\/wp-content\/uploads\/2021\/01\/s5.png 894w, https:\/\/open-boat-projects.org\/wp-content\/uploads\/2021\/01\/s5-300x212.png 300w, https:\/\/open-boat-projects.org\/wp-content\/uploads\/2021\/01\/s5-768x542.png 768w, https:\/\/open-boat-projects.org\/wp-content\/uploads\/2021\/01\/s5-16x12.png 16w\" sizes=\"auto, (max-width: 894px) 100vw, 894px\" \/><\/p>\n<p>Speichern von Tracks<\/p>\n<p><img loading=\"lazy\" decoding=\"async\" class=\"alignnone wp-image-1232 size-large\" src=\"https:\/\/open-boat-projects.org\/wp-content\/uploads\/2021\/01\/IMG_20190309_020856_1600x1200-1024x768.jpeg\" alt=\"\" width=\"952\" height=\"714\" srcset=\"https:\/\/open-boat-projects.org\/wp-content\/uploads\/2021\/01\/IMG_20190309_020856_1600x1200-1024x768.jpeg 1024w, https:\/\/open-boat-projects.org\/wp-content\/uploads\/2021\/01\/IMG_20190309_020856_1600x1200-300x225.jpeg 300w, https:\/\/open-boat-projects.org\/wp-content\/uploads\/2021\/01\/IMG_20190309_020856_1600x1200-768x576.jpeg 768w, https:\/\/open-boat-projects.org\/wp-content\/uploads\/2021\/01\/IMG_20190309_020856_1600x1200-1536x1152.jpeg 1536w, https:\/\/open-boat-projects.org\/wp-content\/uploads\/2021\/01\/IMG_20190309_020856_1600x1200-16x12.jpeg 16w, https:\/\/open-boat-projects.org\/wp-content\/uploads\/2021\/01\/IMG_20190309_020856_1600x1200.jpeg 1600w\" sizes=\"auto, (max-width: 952px) 100vw, 952px\" \/><\/p>\n<p>Car-WLAN-Router MT7620A 300Mbps sowie 3G\/4G\/LTE-Internet-Gateway mit OpenWRT-Firmware und integrierten GaladrielMap<\/p>\n<p><img loading=\"lazy\" decoding=\"async\" class=\"alignnone wp-image-1234 size-full\" src=\"https:\/\/open-boat-projects.org\/wp-content\/uploads\/2021\/01\/MT620A_1.png\" alt=\"\" width=\"476\" height=\"165\" srcset=\"https:\/\/open-boat-projects.org\/wp-content\/uploads\/2021\/01\/MT620A_1.png 476w, https:\/\/open-boat-projects.org\/wp-content\/uploads\/2021\/01\/MT620A_1-300x104.png 300w, https:\/\/open-boat-projects.org\/wp-content\/uploads\/2021\/01\/MT620A_1-16x6.png 16w\" sizes=\"auto, (max-width: 476px) 100vw, 476px\" \/><\/p>\n<p>Car-WLAN-Router Frontansicht<\/p>\n<p><img loading=\"lazy\" decoding=\"async\" class=\"alignnone wp-image-1235 size-full\" src=\"https:\/\/open-boat-projects.org\/wp-content\/uploads\/2021\/01\/MT620A_2.png\" alt=\"\" width=\"474\" height=\"417\" srcset=\"https:\/\/open-boat-projects.org\/wp-content\/uploads\/2021\/01\/MT620A_2.png 474w, https:\/\/open-boat-projects.org\/wp-content\/uploads\/2021\/01\/MT620A_2-300x264.png 300w, https:\/\/open-boat-projects.org\/wp-content\/uploads\/2021\/01\/MT620A_2-14x12.png 14w\" sizes=\"auto, (max-width: 474px) 100vw, 474px\" \/><\/p>\n<p>Car-WLAN-Router in verschlie\u00dfbaren Einbaurahmen<\/p>\n<p>&nbsp;<\/p>\n","protected":false},"excerpt":{"rendered":"<p>Vorab ein paar wichtige Hinweise die sie unbedingt beachten sollten. GaladrielMap ist eine webbasierte Navigationssoftware von Vladimir Kalachikhin. Der Name der Software ist nach seinem Boot benannt. Die Software basiert auf einer Vielzahl von PHP-Scripten die Webseiten erzeugen und \u00fcber einen Webserver ver\u00f6ffentlicht werden. Die Webseiten k\u00f6nne auf beliebigen Endger\u00e4te wie Handy, Tablett und Laptop&hellip; <a href=\"https:\/\/open-boat-projects.org\/de\/galadrielmap-navigationssoftware\/\" class=\"more-link\">Weiterlesen <span class=\"screen-reader-text\">GaladrielMap Navigationssoftware<\/span><\/a><\/p>\n","protected":false},"author":2,"featured_media":0,"parent":0,"menu_order":0,"comment_status":"closed","ping_status":"closed","template":"","meta":{"footnotes":""},"categories":[39,37],"tags":[],"class_list":["post-1212","page","type-page","status-publish","hentry","category-opensource","category-projects"],"_links":{"self":[{"href":"https:\/\/open-boat-projects.org\/de\/wp-json\/wp\/v2\/pages\/1212","targetHints":{"allow":["GET"]}}],"collection":[{"href":"https:\/\/open-boat-projects.org\/de\/wp-json\/wp\/v2\/pages"}],"about":[{"href":"https:\/\/open-boat-projects.org\/de\/wp-json\/wp\/v2\/types\/page"}],"author":[{"embeddable":true,"href":"https:\/\/open-boat-projects.org\/de\/wp-json\/wp\/v2\/users\/2"}],"replies":[{"embeddable":true,"href":"https:\/\/open-boat-projects.org\/de\/wp-json\/wp\/v2\/comments?post=1212"}],"version-history":[{"count":12,"href":"https:\/\/open-boat-projects.org\/de\/wp-json\/wp\/v2\/pages\/1212\/revisions"}],"predecessor-version":[{"id":5075,"href":"https:\/\/open-boat-projects.org\/de\/wp-json\/wp\/v2\/pages\/1212\/revisions\/5075"}],"wp:attachment":[{"href":"https:\/\/open-boat-projects.org\/de\/wp-json\/wp\/v2\/media?parent=1212"}],"wp:term":[{"taxonomy":"category","embeddable":true,"href":"https:\/\/open-boat-projects.org\/de\/wp-json\/wp\/v2\/categories?post=1212"},{"taxonomy":"post_tag","embeddable":true,"href":"https:\/\/open-boat-projects.org\/de\/wp-json\/wp\/v2\/tags?post=1212"}],"curies":[{"name":"wp","href":"https:\/\/api.w.org\/{rel}","templated":true}]}}