{"id":1171,"date":"2021-01-04T17:17:36","date_gmt":"2021-01-04T17:17:36","guid":{"rendered":"https:\/\/open-boat-projects.org\/?page_id=1171"},"modified":"2021-10-18T12:06:35","modified_gmt":"2021-10-18T12:06:35","slug":"wettervorschau-mit-az-touch","status":"publish","type":"page","link":"https:\/\/open-boat-projects.org\/de\/wettervorschau-mit-az-touch\/","title":{"rendered":"Wettervorschau mit AZ-Touch"},"content":{"rendered":"<p><img loading=\"lazy\" decoding=\"async\" class=\"alignnone wp-image-1180 size-large\" src=\"https:\/\/open-boat-projects.org\/wp-content\/uploads\/2021\/01\/IMG_20210104_171456_kl-1024x512.jpg\" alt=\"\" width=\"952\" height=\"476\" srcset=\"https:\/\/open-boat-projects.org\/wp-content\/uploads\/2021\/01\/IMG_20210104_171456_kl-1024x512.jpg 1024w, https:\/\/open-boat-projects.org\/wp-content\/uploads\/2021\/01\/IMG_20210104_171456_kl-300x150.jpg 300w, https:\/\/open-boat-projects.org\/wp-content\/uploads\/2021\/01\/IMG_20210104_171456_kl-768x384.jpg 768w, https:\/\/open-boat-projects.org\/wp-content\/uploads\/2021\/01\/IMG_20210104_171456_kl-1536x768.jpg 1536w, https:\/\/open-boat-projects.org\/wp-content\/uploads\/2021\/01\/IMG_20210104_171456_kl-2048x1024.jpg 2048w, https:\/\/open-boat-projects.org\/wp-content\/uploads\/2021\/01\/IMG_20210104_171456_kl-16x8.jpg 16w, https:\/\/open-boat-projects.org\/wp-content\/uploads\/2021\/01\/IMG_20210104_171456_kl-760x380.jpg 760w\" sizes=\"auto, (max-width: 952px) 100vw, 952px\" \/><\/p>\n<p>Das <a href=\"https:\/\/www.az-delivery.de\/products\/az-touch-wandgehauseset-mit-touchscreen-fur-esp8266-und-esp32?_pos=9&amp;_sid=dd387ad72&amp;_ss=r\">AZ-Touch <\/a><a href=\"https:\/\/www.az-delivery.de\/products\/az-touch-wandgehauseset-mit-touchscreen-fur-esp8266-und-esp32?_pos=9&amp;_sid=dd387ad72&amp;_ss=r\">Mod<\/a> ist ein kleines 2.4&#8243;-Touch-Farb-Display mit 320 x 240 Pixeln. Auf der Basis-Platine k\u00f6nnen als Steuereinheit ein <a href=\"https:\/\/www.az-delivery.de\/products\/esp32-developmentboard?_pos=1&amp;_sid=fdee324a1&amp;_ss=r\">ESP32C<\/a> oder ein <a href=\"https:\/\/www.az-delivery.de\/collections\/more-products-1\/products\/d1-mini\">Wemos D1 mini<\/a> aufgesteckt werden. Ein kleines Lochrasterfeld erm\u00f6glicht den Aufbau eigener Schaltungen zur Erweiterung des Displays.<\/p>\n<p>Das AZ-Touch hat folgende Merkmale:<\/p>\n<ul>\n<li>Wandgeh\u00e4use 120mm x 80mm x 35mm (W x H x D)<\/li>\n<li>Resistiver Touchscreen 2,4 Zoll (6,14cm) Farb-TFT mit 320 x 240 Pixeln (ILI9341)<\/li>\n<li>F\u00fcr D1mini oder ESP32-Dev-Kit C V2\/4<\/li>\n<li>eingebauter Piezosummer<\/li>\n<li>Integrierter 5V Spannungsregler (Eingangsspannung 9 &#8211; 35V DC)<\/li>\n<li>Stromverbrauch ca. 0,7W<\/li>\n<\/ul>\n<p>Auf der Webseite von <a href=\"https:\/\/www.hwhardsoft.de\/english\/projects\/arduitouch-esp\/\">Zihatec.de<\/a> findet man die <a href=\"https:\/\/open-boat-projects.org\/wp-content\/uploads\/2021\/01\/AZ-Touch-ESP-Weather-rev-B.pdf\">vollst\u00e4ndige Beschreibung<\/a> und den <a href=\"https:\/\/open-boat-projects.org\/wp-content\/uploads\/2021\/01\/AZ-Touch-MOD-schematic-V01-03-01-1.pdf\">Schaltplan<\/a> zum AZ-Touch sowie einige Software-Beispiele.<\/p>\n<p>Die Wettervorschau gibt es in zwei Versionen. Einmal f\u00fcr den <a href=\"https:\/\/open-boat-projects.org\/wp-content\/uploads\/2021\/01\/esp32-weather-station-color.zip\">ESP32C<\/a> und einmal f\u00fcr den <a href=\"https:\/\/open-boat-projects.org\/wp-content\/uploads\/2021\/01\/esp8266-weather-station-color.zip\">Wemos D1 mini<\/a>. Die Wetterdaten werden aus dem Internet geladen, indem sich das Display in ein internetf\u00e4higes WLAN einbucht.<\/p>\n<p>Hier noch ein kleines Video dazu: <a href=\"https:\/\/youtu.be\/BkN-VGN96Cg\">https:\/\/youtu.be\/BkN-VGN96Cg<\/a><\/p>\n","protected":false},"excerpt":{"rendered":"<p>Das AZ-Touch Mod ist ein kleines 2.4&#8243;-Touch-Farb-Display mit 320 x 240 Pixeln. Auf der Basis-Platine k\u00f6nnen als Steuereinheit ein ESP32C oder ein Wemos D1 mini aufgesteckt werden. Ein kleines Lochrasterfeld erm\u00f6glicht den Aufbau eigener Schaltungen zur Erweiterung des Displays. Das AZ-Touch hat folgende Merkmale: Wandgeh\u00e4use 120mm x 80mm x 35mm (W x H x D)&hellip; <a href=\"https:\/\/open-boat-projects.org\/de\/wettervorschau-mit-az-touch\/\" class=\"more-link\">Weiterlesen <span class=\"screen-reader-text\">Wettervorschau mit AZ-Touch<\/span><\/a><\/p>\n","protected":false},"author":2,"featured_media":0,"parent":0,"menu_order":0,"comment_status":"closed","ping_status":"closed","template":"","meta":{"footnotes":""},"categories":[40,39,37],"tags":[],"class_list":["post-1171","page","type-page","status-publish","hentry","category-openhardware","category-opensource","category-projects"],"_links":{"self":[{"href":"https:\/\/open-boat-projects.org\/de\/wp-json\/wp\/v2\/pages\/1171","targetHints":{"allow":["GET"]}}],"collection":[{"href":"https:\/\/open-boat-projects.org\/de\/wp-json\/wp\/v2\/pages"}],"about":[{"href":"https:\/\/open-boat-projects.org\/de\/wp-json\/wp\/v2\/types\/page"}],"author":[{"embeddable":true,"href":"https:\/\/open-boat-projects.org\/de\/wp-json\/wp\/v2\/users\/2"}],"replies":[{"embeddable":true,"href":"https:\/\/open-boat-projects.org\/de\/wp-json\/wp\/v2\/comments?post=1171"}],"version-history":[{"count":7,"href":"https:\/\/open-boat-projects.org\/de\/wp-json\/wp\/v2\/pages\/1171\/revisions"}],"predecessor-version":[{"id":1908,"href":"https:\/\/open-boat-projects.org\/de\/wp-json\/wp\/v2\/pages\/1171\/revisions\/1908"}],"wp:attachment":[{"href":"https:\/\/open-boat-projects.org\/de\/wp-json\/wp\/v2\/media?parent=1171"}],"wp:term":[{"taxonomy":"category","embeddable":true,"href":"https:\/\/open-boat-projects.org\/de\/wp-json\/wp\/v2\/categories?post=1171"},{"taxonomy":"post_tag","embeddable":true,"href":"https:\/\/open-boat-projects.org\/de\/wp-json\/wp\/v2\/tags?post=1171"}],"curies":[{"name":"wp","href":"https:\/\/api.w.org\/{rel}","templated":true}]}}