{"id":114,"date":"2019-11-29T11:01:51","date_gmt":"2019-11-29T11:01:51","guid":{"rendered":"https:\/\/open-boat-projects.org\/?page_id=114"},"modified":"2020-01-15T13:04:42","modified_gmt":"2020-01-15T13:04:42","slug":"opencpn","status":"publish","type":"page","link":"https:\/\/open-boat-projects.org\/de\/opencpn\/","title":{"rendered":"OpenCPN"},"content":{"rendered":"<h5>DER freie und quelloffene Chartplotter: <a href=\"https:\/\/opencpn.org\/\" target=\"_blank\" rel=\"noopener noreferrer\">opencpn.org<\/a><\/h5>\n<p><img loading=\"lazy\" decoding=\"async\" class=\"size-full wp-image-300 alignleft\" src=\"https:\/\/open-boat-projects.org\/wp-content\/uploads\/2019\/12\/openCPN80.jpg\" alt=\"\" width=\"80\" height=\"80\" \/><\/p>\n<ul>\n<li>Unterst\u00fctzung zahlreicher Kartenformate<\/li>\n<li>freie Gestaltung der Anzeige<\/li>\n<li>AIS Kollisons-Alarm<\/li>\n<li>Einbindung von Wetter- und Str\u00f6mungsdaten<\/li>\n<li>NMEA0183 Schnittstelle (SignalK in Planung)<\/li>\n<li>Tactics plugIn<\/li>\n<li>&#8230;<\/li>\n<\/ul>\n<p>Offizielle Vektorkarten stehen f\u00fcr das Binnenland in Europa und den USA kostenlos zur Verf\u00fcgung, f\u00fcr die Weltmeere k\u00f6nnen diese kosteng\u00fcnstig \u00fcber <a href=\"http:\/\/o-charts.org\/\" target=\"_blank\" rel=\"noopener noreferrer\">o-charts.org<\/a> erworben werden.<\/p>\n","protected":false},"excerpt":{"rendered":"<p>DER freie und quelloffene Chartplotter: opencpn.org Unterst\u00fctzung zahlreicher Kartenformate freie Gestaltung der Anzeige AIS Kollisons-Alarm Einbindung von Wetter- und Str\u00f6mungsdaten NMEA0183 Schnittstelle (SignalK in Planung) Tactics plugIn &#8230; Offizielle Vektorkarten stehen f\u00fcr das Binnenland in Europa und den USA kostenlos zur Verf\u00fcgung, f\u00fcr die Weltmeere k\u00f6nnen diese kosteng\u00fcnstig \u00fcber o-charts.org erworben werden.<\/p>\n","protected":false},"author":1,"featured_media":0,"parent":0,"menu_order":0,"comment_status":"closed","ping_status":"closed","template":"","meta":{"footnotes":""},"categories":[39,37],"tags":[],"class_list":["post-114","page","type-page","status-publish","hentry","category-opensource","category-projects"],"_links":{"self":[{"href":"https:\/\/open-boat-projects.org\/de\/wp-json\/wp\/v2\/pages\/114","targetHints":{"allow":["GET"]}}],"collection":[{"href":"https:\/\/open-boat-projects.org\/de\/wp-json\/wp\/v2\/pages"}],"about":[{"href":"https:\/\/open-boat-projects.org\/de\/wp-json\/wp\/v2\/types\/page"}],"author":[{"embeddable":true,"href":"https:\/\/open-boat-projects.org\/de\/wp-json\/wp\/v2\/users\/1"}],"replies":[{"embeddable":true,"href":"https:\/\/open-boat-projects.org\/de\/wp-json\/wp\/v2\/comments?post=114"}],"version-history":[{"count":6,"href":"https:\/\/open-boat-projects.org\/de\/wp-json\/wp\/v2\/pages\/114\/revisions"}],"predecessor-version":[{"id":776,"href":"https:\/\/open-boat-projects.org\/de\/wp-json\/wp\/v2\/pages\/114\/revisions\/776"}],"wp:attachment":[{"href":"https:\/\/open-boat-projects.org\/de\/wp-json\/wp\/v2\/media?parent=114"}],"wp:term":[{"taxonomy":"category","embeddable":true,"href":"https:\/\/open-boat-projects.org\/de\/wp-json\/wp\/v2\/categories?post=114"},{"taxonomy":"post_tag","embeddable":true,"href":"https:\/\/open-boat-projects.org\/de\/wp-json\/wp\/v2\/tags?post=114"}],"curies":[{"name":"wp","href":"https:\/\/api.w.org\/{rel}","templated":true}]}}