{"id":110,"date":"2019-11-29T10:52:41","date_gmt":"2019-11-29T10:52:41","guid":{"rendered":"https:\/\/open-boat-projects.org\/?page_id=110"},"modified":"2023-07-13T07:54:04","modified_gmt":"2023-07-13T07:54:04","slug":"sponsors","status":"publish","type":"page","link":"https:\/\/open-boat-projects.org\/de\/sponsors\/","title":{"rendered":"Sponsoren"},"content":{"rendered":"<h5><span style=\"font-size: 12pt;\">Wof\u00fcr verwenden wir Spenden?<br \/>\n<\/span><\/h5>\n<p><span style=\"font-size: 12pt;\">Spenden dienen haupts\u00e4chlich dazu einen Messestand auf\u00a0 der Boot in D\u00fcsseldorf zu finanzieren. Wir ben\u00f6tigen das Geld f\u00fcr die Finanzierung der Standfl\u00e4che und der technischen Ausr\u00fcstung des Messestandes mit Strom und Internet. Wir finanzieren auch die Ausstellerausweise und schlie\u00dfen Versicherungen f\u00fcr den Messestand ab. Des weiteren erstellen wir Flyer, Visitenkarten und Poster. Der Messestand selbst wird von Dirk unserem Messebauer kostenlos aufgebaut und zur Verf\u00fcgung gestellt.<\/span><\/p>\n<p><span style=\"font-size: 12pt;\">Durch Corona konnten wir in 2021 und 2022 keinen Messestand auf der Boot betreiben. Wir haben als Ersatz Online-Workshops im Internet angeboten. Im geringen Umfang verwenden wir auch daf\u00fcr die Spendengelder, um geeignete Mikrofone und Kameras zu beschaffen.<\/span><\/p>\n<p><span style=\"font-size: 12pt;\">Der kostenpflichtige automatische \u00dcbersetzungsservice von Google Translate erzeugt unsere englischen Webseiten, den wir auch \u00fcber die Spendengelder finanzieren.<\/span><\/p>\n<p><span style=\"font-size: 12pt;\">Aktuell sind wir noch nicht als gemeinn\u00fctziger Verein registriert und k\u00f6nnen daher keine Spendenquittungen ausstellen. Eingesammelte ungenutzte Gelder parken wir und verwenden sie f\u00fcr den n\u00e4chsten Messeauftritt. Spenden k\u00f6nnen nur \u00fcber Paypal get\u00e4tigt werden.<\/span><\/p>\n<p><span style=\"font-size: 12pt;\">Wir sind aber auch an Sachspenden f\u00fcr den Messeaufbau und unseren Projekten interessiert. So k\u00f6nnen wir z.B. alte ausgediente oder defekte Marine-Instrumente gut f\u00fcr unsere DIY-Projekte verwenden, mit denen wir die Zuverl\u00e4ssigkeit unserer selbst gebauten Ger\u00e4te testen. Kontaktiert uns einfach per <a href=\"https:\/\/open-boat-projects.org\/de\/kontakt\/\">Kontaktformular<\/a> und wir vermitteln die Sachspenden an die jeweiligen Maker.<\/span><\/p>\n<h5><span style=\"font-size: 12pt;\">Finanzbedarf f\u00fcr den Messestand<br \/>\n<\/span><\/h5>\n<ul>\n<li>ca. ~ 2.800 EUR<\/li>\n<li>Details: <a href=\"https:\/\/github.com\/open-boat-projects-org\/finance\" target=\"_blank\" rel=\"noopener\">https:\/\/github.com\/open-boat-projects-org\/finance<\/a><\/li>\n<\/ul>\n<h5><span style=\"font-size: 12pt;\">Spenden<\/span><\/h5>\n<ul>\n<li><a href=\"https:\/\/www.paypal.com\/donate\/?cmd=_s-xclick&amp;hosted_button_id=5QZJZBM252F2L\" target=\"_blank\" rel=\"noopener\">Spenden \u00fcber Paypal<\/a><\/li>\n<\/ul>\n<h5><span style=\"font-size: 12pt;\">Unterst\u00fctzer<\/span><\/h5>\n<ul>\n<li><a href=\"https:\/\/selgeln-forum.de\">https:\/\/selgeln-forum.de<\/a> (Forum rund um Themen zum Wassersport)<\/li>\n<li><a class=\"external free\" href=\"https:\/\/www.gedad.de\" target=\"_blank\" rel=\"nofollow noreferrer noopener\">https:\/\/www.gedad.de<\/a> (Raspberry Pi, MCS )<\/li>\n<li><a class=\"external free\" href=\"https:\/\/expotech.grade.de\" target=\"_blank\" rel=\"nofollow noreferrer noopener\">https:\/\/expotech.grade.de<\/a> (Messestand)<\/li>\n<li>Messe D\u00fcsseldorf (Ausstellerfl\u00e4che Boot)<\/li>\n<li><a href=\"https:\/\/openmarine.net\/\" target=\"_blank\" rel=\"noopener\">Sailoog \/ OpenMarine<\/a> (OpenPlotter)<\/li>\n<li><a href=\"https:\/\/busse-yachtshop.de\" target=\"_blank\" rel=\"noopener\">Busse Yachtshop<\/a> (NMEA2000 Zubeh\u00f6r)<\/li>\n<li><a href=\"https:\/\/www.horter-shop.de\/de\/97-i2c-hutschienen-module\" target=\"_blank\" rel=\"noopener\">Horter<\/a> (I2C Module)<\/li>\n<li><a href=\"https:\/\/ruuvi.com\/\" target=\"_blank\" rel=\"noopener\">Ruuvi<\/a> (Ruuvi Sensor Tag)<\/li>\n<li><a href=\"https:\/\/www.skpang.co.uk\/\" target=\"_blank\" rel=\"noopener\">SK Pang Elektronics<\/a> (PiCAN-M)<\/li>\n<li><a href=\"https:\/\/joy-it.net\/de\/\" target=\"_blank\" rel=\"noopener\">Joy-It<\/a> (Elektronik Module)<\/li>\n<li><a href=\"https:\/\/o-charts.org\/\" target=\"_blank\" rel=\"noopener\">O-Charts<\/a> (Digitale Navigationskarten)<\/li>\n<li><a href=\"https:\/\/www.funduinoshop.com\" target=\"_blank\" rel=\"noopener\">Funduino<\/a> (Elektronik Module und Lernsets)<\/li>\n<li><a href=\"https:\/\/www.victronenergy.de\" target=\"_blank\" rel=\"noopener noreferrer\">https:\/\/www.victronenergy.de<\/a> (SignalK support)<\/li>\n<\/ul>\n<p>&nbsp;<\/p>\n","protected":false},"excerpt":{"rendered":"<p>Wof\u00fcr verwenden wir Spenden? Spenden dienen haupts\u00e4chlich dazu einen Messestand auf\u00a0 der Boot in D\u00fcsseldorf zu finanzieren. Wir ben\u00f6tigen das Geld f\u00fcr die Finanzierung der Standfl\u00e4che und der technischen Ausr\u00fcstung des Messestandes mit Strom und Internet. Wir finanzieren auch die Ausstellerausweise und schlie\u00dfen Versicherungen f\u00fcr den Messestand ab. Des weiteren erstellen wir Flyer, Visitenkarten und&hellip; <a href=\"https:\/\/open-boat-projects.org\/de\/sponsors\/\" class=\"more-link\">Weiterlesen <span class=\"screen-reader-text\">Sponsoren<\/span><\/a><\/p>\n","protected":false},"author":1,"featured_media":0,"parent":0,"menu_order":0,"comment_status":"closed","ping_status":"closed","template":"","meta":{"footnotes":""},"categories":[38],"tags":[],"class_list":["post-110","page","type-page","status-publish","hentry","category-about"],"_links":{"self":[{"href":"https:\/\/open-boat-projects.org\/de\/wp-json\/wp\/v2\/pages\/110","targetHints":{"allow":["GET"]}}],"collection":[{"href":"https:\/\/open-boat-projects.org\/de\/wp-json\/wp\/v2\/pages"}],"about":[{"href":"https:\/\/open-boat-projects.org\/de\/wp-json\/wp\/v2\/types\/page"}],"author":[{"embeddable":true,"href":"https:\/\/open-boat-projects.org\/de\/wp-json\/wp\/v2\/users\/1"}],"replies":[{"embeddable":true,"href":"https:\/\/open-boat-projects.org\/de\/wp-json\/wp\/v2\/comments?post=110"}],"version-history":[{"count":35,"href":"https:\/\/open-boat-projects.org\/de\/wp-json\/wp\/v2\/pages\/110\/revisions"}],"predecessor-version":[{"id":5073,"href":"https:\/\/open-boat-projects.org\/de\/wp-json\/wp\/v2\/pages\/110\/revisions\/5073"}],"wp:attachment":[{"href":"https:\/\/open-boat-projects.org\/de\/wp-json\/wp\/v2\/media?parent=110"}],"wp:term":[{"taxonomy":"category","embeddable":true,"href":"https:\/\/open-boat-projects.org\/de\/wp-json\/wp\/v2\/categories?post=110"},{"taxonomy":"post_tag","embeddable":true,"href":"https:\/\/open-boat-projects.org\/de\/wp-json\/wp\/v2\/tags?post=110"}],"curies":[{"name":"wp","href":"https:\/\/api.w.org\/{rel}","templated":true}]}}