{"id":1049,"date":"2020-12-01T17:34:03","date_gmt":"2020-12-01T17:34:03","guid":{"rendered":"https:\/\/open-boat-projects.org\/?page_id=1049"},"modified":"2022-12-26T11:32:18","modified_gmt":"2022-12-26T11:32:18","slug":"i2c-module-zur-bootsautomation","status":"publish","type":"page","link":"https:\/\/open-boat-projects.org\/de\/i2c-module-zur-bootsautomation\/","title":{"rendered":"I2C Module zur Bootsautomation"},"content":{"rendered":"<p><img loading=\"lazy\" decoding=\"async\" class=\"alignnone wp-image-1050 size-full\" src=\"https:\/\/open-boat-projects.org\/wp-content\/uploads\/2020\/12\/Raspberry_SPS_Schulungsrack.jpg\" alt=\"\" width=\"702\" height=\"446\" srcset=\"https:\/\/open-boat-projects.org\/wp-content\/uploads\/2020\/12\/Raspberry_SPS_Schulungsrack.jpg 702w, https:\/\/open-boat-projects.org\/wp-content\/uploads\/2020\/12\/Raspberry_SPS_Schulungsrack-300x191.jpg 300w, https:\/\/open-boat-projects.org\/wp-content\/uploads\/2020\/12\/Raspberry_SPS_Schulungsrack-16x10.jpg 16w\" sizes=\"auto, (max-width: 702px) 100vw, 702px\" \/><\/p>\n<p><a href=\"https:\/\/www.segeln-forum.de\/thread\/78183-i2c-io-module-f%C3%BCr-signalk-und-zur-bootsautomation\/?postID=2231713#post2231713\">https:\/\/www.segeln-forum.de\/thread\/78183-i2c-io-module-f%C3%BCr-signalk-und-zur-bootsautomation\/?postID=2231713#post2231713<\/a><\/p>\n<p>Die <a href=\"https:\/\/de.wikipedia.org\/wiki\/I%C2%B2C\" target=\"_blank\" rel=\"noopener\">I2C<\/a>-Module der <a href=\"https:\/\/www.horter.de\" target=\"_blank\" rel=\"noopener\">Firma Horter<\/a> (LxB 65x45mm) lassen sich gut zur Bootsautomation verwenden, da sie an beliebige Mikrocontroller und den Rasperry Pi angeschlossen werden k\u00f6nnen. Eigentlich ist der I2C-Bus f\u00fcr die Kommunikation zwischen ICs auf einer Platine gedacht. Es gibt aber auch zahlreiche <a href=\"https:\/\/www.horter.de\/i2c\/i2c-extender\/i2c_extender_1.html\" target=\"_blank\" rel=\"noopener\">Erweiterungen<\/a> mit denen die Bussignale verst\u00e4rkt und elektrisch isoliert werden k\u00f6nnen, so dass man weitere Entfernungen mit geschirmten Kabeln bis zu 50m \u00fcberbr\u00fccken kann. Die I2C-Module der Fa. Horter sind so aufgebaut, dass man sie in <a href=\"https:\/\/www.horter-shop.de\/de\/i2c-hutschienen-module\/106-din-montagerahmen-4260404260691.html\" target=\"_blank\" rel=\"noopener\">Tr\u00e4gerrahmen<\/a> zur Befestigung einbauen kann. Alternativ k\u00f6nnen sie auch auf Hutschienen montiert werden. Bei Horter k\u00f6nnen bis zu 28 verschiedene <a href=\"https:\/\/www.horter-shop.de\/de\/97-i2c-hutschienen-module\" target=\"_blank\" rel=\"noopener\">Hutschienenmodule<\/a> und noch weitere andere Module erworben werden. Die Module werden gr\u00f6\u00dftenteils als Baus\u00e4tze mit Preisen zwischen 10&#8230;30 Euro angeboten. Durch die Vielzahl der Module k\u00f6nnen unterschiedlich komplexe Anwendungen realisiert werden.<\/p>\n<p>Folgende Module w\u00e4ren f\u00fcr die Bootsautomation interessant:<\/p>\n<ul>\n<li>I2C Digital Eingangsmodul 8x 0&#8230;24V mit Optokoppler<\/li>\n<li>I2C Digital Ausgangsmodul 8x 0&#8230;24V 1A mit Optokoppler<\/li>\n<li>I2C Analog Eingangsmodul 4x 0&#8230;2V, 0&#8230;10V, +\/-10V, 20mA (jeder Eingang einzeln konfigurierbar), 18 Bit Aufl\u00f6sung<\/li>\n<li>I2C Analog Ausgangsmodul 4x 0&#8230;10V, 40 mA, kurzschlussfest, 10 Bit Aufl\u00f6sung<\/li>\n<li>I2C 433MHz Funksender (zur Ansteuerung von Funkschaltdosen)<\/li>\n<li>5V\/3A-Netzteil f\u00fcr I2C-Module<\/li>\n<li>I2C Repeater mit Pegelanpassung f\u00fcr Raspi 2\/3\/4<\/li>\n<li>I2C Modul f\u00fcr Arduino Pro Micro<\/li>\n<li>I2C Modul f\u00fcr Wemos D1 mini (ESP8266)<\/li>\n<li>I2C Display<\/li>\n<li>Versorgungsspannung Eingang 7V&#8230;40V, Ausgangsspannung 5V\/3A<\/li>\n<\/ul>\n<p>Damit lassen sich einige nette Dinge realisieren wie:<\/p>\n<ul>\n<li>Bootsautomation mit Arduino Pro Micro- Modul<\/li>\n<li>Bootsautomation mit ESP8266 und ESP32 \u00fcber WLAN<\/li>\n<li>Bootsautomation mit Raspi und NodeRed<\/li>\n<li>Erweiterungen f\u00fcr den Marine Control Server (MCS)<\/li>\n<li>Signalerfassung und Ausgabe f\u00fcr SignalK (ein entsprechendes Plugin m\u00fcsste noch programmiert werden)<\/li>\n<li>Erweiterungsmodule f\u00fcr das <a href=\"https:\/\/open-boat-projects.org\/de\/diy-multifunktionsdisplay-obp-60\/\">Multifunktionsdisplay<\/a><\/li>\n<li>Ansteuerung analoger Zeiger-Instrumente \u00fcber analoge Ausg\u00e4nge f\u00fcr historische Boote<\/li>\n<li>und, und, und&#8230;.<\/li>\n<\/ul>\n<p>Wer einige Anregungen ben\u00f6tigt, kann auf der Webseite von Horter einige <a href=\"https:\/\/www.horter.de\/blog\/\" target=\"_blank\" rel=\"noopener\">Beispielanwendungen<\/a> finden.<\/p>\n","protected":false},"excerpt":{"rendered":"<p>https:\/\/www.segeln-forum.de\/thread\/78183-i2c-io-module-f%C3%BCr-signalk-und-zur-bootsautomation\/?postID=2231713#post2231713 Die I2C-Module der Firma Horter (LxB 65x45mm) lassen sich gut zur Bootsautomation verwenden, da sie an beliebige Mikrocontroller und den Rasperry Pi angeschlossen werden k\u00f6nnen. Eigentlich ist der I2C-Bus f\u00fcr die Kommunikation zwischen ICs auf einer Platine gedacht. Es gibt aber auch zahlreiche Erweiterungen mit denen die Bussignale verst\u00e4rkt und elektrisch isoliert werden k\u00f6nnen,&hellip; <a href=\"https:\/\/open-boat-projects.org\/de\/i2c-module-zur-bootsautomation\/\" class=\"more-link\">Weiterlesen <span class=\"screen-reader-text\">I2C Module zur Bootsautomation<\/span><\/a><\/p>\n","protected":false},"author":2,"featured_media":0,"parent":0,"menu_order":0,"comment_status":"closed","ping_status":"closed","template":"","meta":{"footnotes":""},"categories":[40,39],"tags":[],"class_list":["post-1049","page","type-page","status-publish","hentry","category-openhardware","category-opensource"],"_links":{"self":[{"href":"https:\/\/open-boat-projects.org\/de\/wp-json\/wp\/v2\/pages\/1049","targetHints":{"allow":["GET"]}}],"collection":[{"href":"https:\/\/open-boat-projects.org\/de\/wp-json\/wp\/v2\/pages"}],"about":[{"href":"https:\/\/open-boat-projects.org\/de\/wp-json\/wp\/v2\/types\/page"}],"author":[{"embeddable":true,"href":"https:\/\/open-boat-projects.org\/de\/wp-json\/wp\/v2\/users\/2"}],"replies":[{"embeddable":true,"href":"https:\/\/open-boat-projects.org\/de\/wp-json\/wp\/v2\/comments?post=1049"}],"version-history":[{"count":13,"href":"https:\/\/open-boat-projects.org\/de\/wp-json\/wp\/v2\/pages\/1049\/revisions"}],"predecessor-version":[{"id":4018,"href":"https:\/\/open-boat-projects.org\/de\/wp-json\/wp\/v2\/pages\/1049\/revisions\/4018"}],"wp:attachment":[{"href":"https:\/\/open-boat-projects.org\/de\/wp-json\/wp\/v2\/media?parent=1049"}],"wp:term":[{"taxonomy":"category","embeddable":true,"href":"https:\/\/open-boat-projects.org\/de\/wp-json\/wp\/v2\/categories?post=1049"},{"taxonomy":"post_tag","embeddable":true,"href":"https:\/\/open-boat-projects.org\/de\/wp-json\/wp\/v2\/tags?post=1049"}],"curies":[{"name":"wp","href":"https:\/\/api.w.org\/{rel}","templated":true}]}}