{"id":1017,"date":"2020-11-22T13:13:54","date_gmt":"2020-11-22T13:13:54","guid":{"rendered":"https:\/\/open-boat-projects.org\/?page_id=1017"},"modified":"2023-07-12T23:00:17","modified_gmt":"2023-07-12T23:00:17","slug":"diy-ais-klasse-b-empfaenger-sende","status":"publish","type":"page","link":"https:\/\/open-boat-projects.org\/de\/diy-ais-klasse-b-empfaenger-sende\/","title":{"rendered":"MAIANA\u2122: The Open Source AIS Transponder"},"content":{"rendered":"<p><img loading=\"lazy\" decoding=\"async\" class=\"alignnone wp-image-2560\" src=\"https:\/\/open-boat-projects.org\/wp-content\/uploads\/2022\/01\/maiana-ais-base-kit_1.png\" alt=\"\" width=\"500\" height=\"500\" srcset=\"https:\/\/open-boat-projects.org\/wp-content\/uploads\/2022\/01\/maiana-ais-base-kit_1.png 800w, https:\/\/open-boat-projects.org\/wp-content\/uploads\/2022\/01\/maiana-ais-base-kit_1-300x300.png 300w, https:\/\/open-boat-projects.org\/wp-content\/uploads\/2022\/01\/maiana-ais-base-kit_1-150x150.png 150w, https:\/\/open-boat-projects.org\/wp-content\/uploads\/2022\/01\/maiana-ais-base-kit_1-768x768.png 768w, https:\/\/open-boat-projects.org\/wp-content\/uploads\/2022\/01\/maiana-ais-base-kit_1-12x12.png 12w\" sizes=\"auto, (max-width: 500px) 100vw, 500px\" \/><\/p>\n<p>Abb. MAIANA AIS Transponder Sende- und Empgangsteil mit fester Antenne (Open Marine)<\/p>\n<p>Peter Antypas hat einen selbst gebauten AIS Klasse B Empf\u00e4nger \/ Sender gebaut und auf Github vorgestellt:<\/p>\n<p><a href=\"https:\/\/github.com\/peterantypas\/ais_transponder\" target=\"_blank\" rel=\"noopener\">https:\/\/github.com\/peterantypas\/ais_transponder<\/a><\/p>\n<h2>Funktionsweise<\/h2>\n<p>Das Ger\u00e4t vereint folgende Funktionen:<\/p>\n<ul>\n<li>AIS Klasse B Empf\u00e4nger \/ Sender<\/li>\n<li><span class=\"ILfuVd\"><span class=\"hgKElc\">161,975 MHz (Kanal 87B), 162,025 MHz (Kanal 88B)<\/span><\/span><\/li>\n<li>2W Sendeleistung<\/li>\n<li>Silicon Labs 4463 transceiver ICs<\/li>\n<li>STM32L412 Mikrocontroller 80MHz<\/li>\n<li>GPS Quectel L70R Modul,\u00a0 Keramik SMD Antenne (f\u00fcr eigene Standort\u00fcbermittlung)<\/li>\n<li>3.3V UART Ausgang mit 38.4Kbps<\/li>\n<li>NMEA0183 Datentelegramme<\/li>\n<li>Updaterate 1 Hz<\/li>\n<li>12V \/ 30 mA<\/li>\n<li>Offenlegung der Bauunterlagen und der <a href=\"https:\/\/github.com\/peterantypas\/ais_transponder\" target=\"_blank\" rel=\"noopener\">Software auf Github<\/a><\/li>\n<\/ul>\n<p>Der AIS-Transponder besteht aus einem Sende- und Empfangsteil mit fest angebauter Antenne, das \u00fcber eine geschirmtes Kabel mit einer Adapterbox verbunden ist. Das Sende- und Empfangsteil empf\u00e4ngt und decodiert die AIS-Signale und \u00fcbertr\u00e4gt sie als NMEA0183 Datenstrom mit 3.3V Spannungspegel zur Adapterbox, die den NMEA0183 Datenstrom auf drei verschiedenen Arten weiterleiten kann:<\/p>\n<ul>\n<li>NMEA0183 USB-Ausgang f\u00fcr PC oder Raspi<\/li>\n<li>NMEA0183 RS422<\/li>\n<li>NMEA2000<\/li>\n<\/ul>\n<p>F\u00fcr die jeweilige Ausgabeart gibt es eine eigene Adapterbox. Als Verbindungskabel wird gew\u00f6hnliches geschirmtes CAT5 Netzwerkkabel mit RJ45 Steckern verwendet. Neben dem Empfang von AIS-Signalen kan MAIANA auch AIS-Signale senden. Da das Ger\u00e4t keine CE-Zertifizierung und Funkzulassung f\u00fcr den AIS-Betrieb hat, darf es in Europa nur im Empfangsbetrieb verwendet werden. Grunds\u00e4tzlich ist auch ein Sendebetrieb m\u00f6glich, der \u00fcber einen Schalter an der Adapterbox zugeschaltet werden kann.<\/p>\n<p>Der AIS-Transponder wird \u00fcber OpenMarine vertrieben. Auf der Webseite wird der K\u00e4ufer darauf hingewiesen, dass er ein nicht CE zertifiziertes und zugelassenes Ger\u00e4t kauft. Dem K\u00e4ufer obliegt die Einhaltung der jeweiligen Zulassungen in seinem Verwendungsgebiet. Schlie\u00dflich darf das Ger\u00e4t den AIS-Datenverkehr nicht st\u00f6ren oder beeintr\u00e4chtigen, wenn gesendet wird. Das h\u00e4tte sonst fatale Folgen. In Europa stellt der Empfang von AIS-Signalen kein Problem dar, wogegen der Sendebetrieb eine Zulassungserlaubnis ben\u00f6tigt. Laut Aussagen von Peter Anypas sieht die Situation in den USA rechtlich anders aus. Dort darf man selbst gebaute Ger\u00e4te auch im Sendebetrieb benutzen, wenn die Sendeleistung limitiert ist<\/p>\n<p>Diskussion: <a href=\"https:\/\/www.segeln-forum.de\/thread\/78130-maiana%E2%84%A2-the-open-source-ais-transponder\/\" target=\"_blank\" rel=\"noopener\">https:\/\/www.segeln-forum.de\/thread\/78130-maiana%E2%84%A2-the-open-source-ais-transponder\/<\/a><\/p>\n<h2>Bilder<\/h2>\n<p><img loading=\"lazy\" decoding=\"async\" class=\"alignnone wp-image-1018\" src=\"https:\/\/open-boat-projects.org\/wp-content\/uploads\/2020\/11\/transponder-9.3-1024x768.jpg\" alt=\"\" width=\"500\" height=\"375\" srcset=\"https:\/\/open-boat-projects.org\/wp-content\/uploads\/2020\/11\/transponder-9.3-1024x768.jpg 1024w, https:\/\/open-boat-projects.org\/wp-content\/uploads\/2020\/11\/transponder-9.3-300x225.jpg 300w, https:\/\/open-boat-projects.org\/wp-content\/uploads\/2020\/11\/transponder-9.3-768x576.jpg 768w, https:\/\/open-boat-projects.org\/wp-content\/uploads\/2020\/11\/transponder-9.3-16x12.jpg 16w, https:\/\/open-boat-projects.org\/wp-content\/uploads\/2020\/11\/transponder-9.3.jpg 1280w\" sizes=\"auto, (max-width: 500px) 100vw, 500px\" \/><\/p>\n<p>Abb. MAIANA AIS Transponder Sende- und Empgangsteil<\/p>\n<p><img loading=\"lazy\" decoding=\"async\" class=\"alignnone wp-image-2561\" src=\"https:\/\/open-boat-projects.org\/wp-content\/uploads\/2022\/01\/maiana-ais-base-kit_2.png\" alt=\"\" width=\"500\" height=\"500\" srcset=\"https:\/\/open-boat-projects.org\/wp-content\/uploads\/2022\/01\/maiana-ais-base-kit_2.png 800w, https:\/\/open-boat-projects.org\/wp-content\/uploads\/2022\/01\/maiana-ais-base-kit_2-300x300.png 300w, https:\/\/open-boat-projects.org\/wp-content\/uploads\/2022\/01\/maiana-ais-base-kit_2-150x150.png 150w, https:\/\/open-boat-projects.org\/wp-content\/uploads\/2022\/01\/maiana-ais-base-kit_2-768x768.png 768w, https:\/\/open-boat-projects.org\/wp-content\/uploads\/2022\/01\/maiana-ais-base-kit_2-12x12.png 12w\" sizes=\"auto, (max-width: 500px) 100vw, 500px\" \/><\/p>\n<p>Abb. Sende- und Empfabgsteil (Open Marine)<\/p>\n<p><img loading=\"lazy\" decoding=\"async\" class=\"alignnone wp-image-2559\" src=\"https:\/\/open-boat-projects.org\/wp-content\/uploads\/2022\/01\/maiana-ais-base-kit3.png\" alt=\"\" width=\"500\" height=\"500\" srcset=\"https:\/\/open-boat-projects.org\/wp-content\/uploads\/2022\/01\/maiana-ais-base-kit3.png 800w, https:\/\/open-boat-projects.org\/wp-content\/uploads\/2022\/01\/maiana-ais-base-kit3-300x300.png 300w, https:\/\/open-boat-projects.org\/wp-content\/uploads\/2022\/01\/maiana-ais-base-kit3-150x150.png 150w, https:\/\/open-boat-projects.org\/wp-content\/uploads\/2022\/01\/maiana-ais-base-kit3-768x768.png 768w, https:\/\/open-boat-projects.org\/wp-content\/uploads\/2022\/01\/maiana-ais-base-kit3-12x12.png 12w\" sizes=\"auto, (max-width: 500px) 100vw, 500px\" \/>(Open Marine)<\/p>\n<p>&nbsp;<\/p>\n<p>Abb. Adapter-Platine USB-Version (Open Marine)<\/p>\n<p><img loading=\"lazy\" decoding=\"async\" class=\"alignnone wp-image-2565 size-full\" src=\"https:\/\/open-boat-projects.org\/wp-content\/uploads\/2022\/01\/maiana-ais-usb-adapter.png\" alt=\"\" width=\"250\" height=\"250\" srcset=\"https:\/\/open-boat-projects.org\/wp-content\/uploads\/2022\/01\/maiana-ais-usb-adapter.png 250w, https:\/\/open-boat-projects.org\/wp-content\/uploads\/2022\/01\/maiana-ais-usb-adapter-150x150.png 150w, https:\/\/open-boat-projects.org\/wp-content\/uploads\/2022\/01\/maiana-ais-usb-adapter-12x12.png 12w\" sizes=\"auto, (max-width: 250px) 100vw, 250px\" \/><\/p>\n<p>Abb. Adapter USB-Version (Open Marine)<\/p>\n<p><img loading=\"lazy\" decoding=\"async\" class=\"alignnone wp-image-2567 size-full\" src=\"https:\/\/open-boat-projects.org\/wp-content\/uploads\/2022\/01\/maiana-ais-usb-rs422-adapter.png\" alt=\"\" width=\"250\" height=\"250\" srcset=\"https:\/\/open-boat-projects.org\/wp-content\/uploads\/2022\/01\/maiana-ais-usb-rs422-adapter.png 250w, https:\/\/open-boat-projects.org\/wp-content\/uploads\/2022\/01\/maiana-ais-usb-rs422-adapter-150x150.png 150w, https:\/\/open-boat-projects.org\/wp-content\/uploads\/2022\/01\/maiana-ais-usb-rs422-adapter-12x12.png 12w\" sizes=\"auto, (max-width: 250px) 100vw, 250px\" \/><\/p>\n<p>Abb. Adapter RS422-Version (Open Marine)<\/p>\n<p><img loading=\"lazy\" decoding=\"async\" class=\"alignnone size-full wp-image-2566\" src=\"https:\/\/open-boat-projects.org\/wp-content\/uploads\/2022\/01\/maiana-ais-usb-can-adapter.png\" alt=\"\" width=\"250\" height=\"250\" srcset=\"https:\/\/open-boat-projects.org\/wp-content\/uploads\/2022\/01\/maiana-ais-usb-can-adapter.png 250w, https:\/\/open-boat-projects.org\/wp-content\/uploads\/2022\/01\/maiana-ais-usb-can-adapter-150x150.png 150w, https:\/\/open-boat-projects.org\/wp-content\/uploads\/2022\/01\/maiana-ais-usb-can-adapter-12x12.png 12w\" sizes=\"auto, (max-width: 250px) 100vw, 250px\" \/><\/p>\n<p>Abb. Adapter CAN-Version (Open Marine)<\/p>\n<p><img loading=\"lazy\" decoding=\"async\" class=\"alignnone wp-image-2562\" src=\"https:\/\/open-boat-projects.org\/wp-content\/uploads\/2022\/01\/maiana-ais-base-kit_4.png\" alt=\"\" width=\"500\" height=\"500\" srcset=\"https:\/\/open-boat-projects.org\/wp-content\/uploads\/2022\/01\/maiana-ais-base-kit_4.png 800w, https:\/\/open-boat-projects.org\/wp-content\/uploads\/2022\/01\/maiana-ais-base-kit_4-300x300.png 300w, https:\/\/open-boat-projects.org\/wp-content\/uploads\/2022\/01\/maiana-ais-base-kit_4-150x150.png 150w, https:\/\/open-boat-projects.org\/wp-content\/uploads\/2022\/01\/maiana-ais-base-kit_4-768x768.png 768w, https:\/\/open-boat-projects.org\/wp-content\/uploads\/2022\/01\/maiana-ais-base-kit_4-12x12.png 12w\" sizes=\"auto, (max-width: 500px) 100vw, 500px\" \/><\/p>\n<p>Abb. AIS-Transponder hinter Radarger\u00e4t (Open Marine)<\/p>\n<p><img loading=\"lazy\" decoding=\"async\" class=\"alignnone wp-image-2563\" src=\"https:\/\/open-boat-projects.org\/wp-content\/uploads\/2022\/01\/maiana-ais-base-kit_5.png\" alt=\"\" width=\"500\" height=\"500\" srcset=\"https:\/\/open-boat-projects.org\/wp-content\/uploads\/2022\/01\/maiana-ais-base-kit_5.png 800w, https:\/\/open-boat-projects.org\/wp-content\/uploads\/2022\/01\/maiana-ais-base-kit_5-300x300.png 300w, https:\/\/open-boat-projects.org\/wp-content\/uploads\/2022\/01\/maiana-ais-base-kit_5-150x150.png 150w, https:\/\/open-boat-projects.org\/wp-content\/uploads\/2022\/01\/maiana-ais-base-kit_5-768x768.png 768w, https:\/\/open-boat-projects.org\/wp-content\/uploads\/2022\/01\/maiana-ais-base-kit_5-12x12.png 12w\" sizes=\"auto, (max-width: 500px) 100vw, 500px\" \/><\/p>\n<p>Abb. MAIANA AIS Transponder Heckmontage (Open Marine)<\/p>\n","protected":false},"excerpt":{"rendered":"<p>Abb. MAIANA AIS Transponder Sende- und Empgangsteil mit fester Antenne (Open Marine) Peter Antypas hat einen selbst gebauten AIS Klasse B Empf\u00e4nger \/ Sender gebaut und auf Github vorgestellt: https:\/\/github.com\/peterantypas\/ais_transponder Funktionsweise Das Ger\u00e4t vereint folgende Funktionen: AIS Klasse B Empf\u00e4nger \/ Sender 161,975 MHz (Kanal 87B), 162,025 MHz (Kanal 88B) 2W Sendeleistung Silicon Labs 4463&hellip; <a href=\"https:\/\/open-boat-projects.org\/de\/diy-ais-klasse-b-empfaenger-sende\/\" class=\"more-link\">Weiterlesen <span class=\"screen-reader-text\">MAIANA\u2122: The Open Source AIS Transponder<\/span><\/a><\/p>\n","protected":false},"author":2,"featured_media":0,"parent":0,"menu_order":0,"comment_status":"closed","ping_status":"closed","template":"","meta":{"footnotes":""},"categories":[40,39,37],"tags":[],"class_list":["post-1017","page","type-page","status-publish","hentry","category-openhardware","category-opensource","category-projects"],"_links":{"self":[{"href":"https:\/\/open-boat-projects.org\/de\/wp-json\/wp\/v2\/pages\/1017","targetHints":{"allow":["GET"]}}],"collection":[{"href":"https:\/\/open-boat-projects.org\/de\/wp-json\/wp\/v2\/pages"}],"about":[{"href":"https:\/\/open-boat-projects.org\/de\/wp-json\/wp\/v2\/types\/page"}],"author":[{"embeddable":true,"href":"https:\/\/open-boat-projects.org\/de\/wp-json\/wp\/v2\/users\/2"}],"replies":[{"embeddable":true,"href":"https:\/\/open-boat-projects.org\/de\/wp-json\/wp\/v2\/comments?post=1017"}],"version-history":[{"count":10,"href":"https:\/\/open-boat-projects.org\/de\/wp-json\/wp\/v2\/pages\/1017\/revisions"}],"predecessor-version":[{"id":5053,"href":"https:\/\/open-boat-projects.org\/de\/wp-json\/wp\/v2\/pages\/1017\/revisions\/5053"}],"wp:attachment":[{"href":"https:\/\/open-boat-projects.org\/de\/wp-json\/wp\/v2\/media?parent=1017"}],"wp:term":[{"taxonomy":"category","embeddable":true,"href":"https:\/\/open-boat-projects.org\/de\/wp-json\/wp\/v2\/categories?post=1017"},{"taxonomy":"post_tag","embeddable":true,"href":"https:\/\/open-boat-projects.org\/de\/wp-json\/wp\/v2\/tags?post=1017"}],"curies":[{"name":"wp","href":"https:\/\/api.w.org\/{rel}","templated":true}]}}