{"id":1008,"date":"2020-09-09T07:19:57","date_gmt":"2020-09-09T07:19:57","guid":{"rendered":"https:\/\/open-boat-projects.org\/?page_id=1008"},"modified":"2020-10-26T14:02:22","modified_gmt":"2020-10-26T14:02:22","slug":"ais-radar-pro","status":"publish","type":"page","link":"https:\/\/open-boat-projects.org\/de\/ais-radar-pro\/","title":{"rendered":"AIS Radar Pro"},"content":{"rendered":"<p>AIS Radar Pro empf\u00e4ngt die AIS-Meldungen vom angeschlossenen AIS-Empf\u00e4nger (Receiver), dekodiert die enthaltenen Informationen und zeigt diese grafisch und in Textform an. Aus den erhaltenen Positions- und Geschwindigkeitsdaten ermittelt\u00a0 AIS Radar\u00a0 m\u00f6gliche Kollisionsgegner, den Abstand in Seemeilen und Minuten zur dichtesten Ann\u00e4herung an den Kollisionsgegner, sowie Ort und Zeitpunkt einer m\u00f6glichen Kollision. AIS Radar Pro folgt dem einfachen RG Marine Prinzip: Alles, was ROT leuchtet, ist gef\u00e4hrlich. Mit einem Blick auf den Monitor von &#8222;AIS Radar Pro&#8220; kann der Navigator erkennen, welche AIS-Objekte (Schiffe), potentielle Kollisions-Gefahrenquellen darstellen und rechtzeitig Ma\u00dfnahmen zur Kollisionsverhinderung ergreifen.<\/p>\n<p><img loading=\"lazy\" decoding=\"async\" class=\"alignnone wp-image-1013 size-full\" src=\"https:\/\/open-boat-projects.org\/wp-content\/uploads\/2020\/09\/AIS_Radar_Pro_1.png\" alt=\"\" width=\"838\" height=\"841\" srcset=\"https:\/\/open-boat-projects.org\/wp-content\/uploads\/2020\/09\/AIS_Radar_Pro_1.png 838w, https:\/\/open-boat-projects.org\/wp-content\/uploads\/2020\/09\/AIS_Radar_Pro_1-300x300.png 300w, https:\/\/open-boat-projects.org\/wp-content\/uploads\/2020\/09\/AIS_Radar_Pro_1-150x150.png 150w, https:\/\/open-boat-projects.org\/wp-content\/uploads\/2020\/09\/AIS_Radar_Pro_1-768x771.png 768w\" sizes=\"auto, (max-width: 838px) 100vw, 838px\" \/><\/p>\n<p>Das leistet die AIS Radar Pro Software:<\/p>\n<ul>\n<li>Anzeige aller empfangenen AIS-Objekte in UKW Reichweite<\/li>\n<li>Automatische Berechnung von Entfernung und Peilung zum Objekt<\/li>\n<li>Automatische Berechnung der dichtesten Ann\u00e4herung (CPA, TCPA)<\/li>\n<li>Warnung vor m\u00f6glichen Kollisionsgegnern (rotes Symbol und Kurslinie)<\/li>\n<li>Anzeige von Zeitpunkt und Ort der m\u00f6glichen Kollision<\/li>\n<li>Anzeige von Sicherheitsabstand und Zeit beim Kreuzen der Kiellinie des Gegners<\/li>\n<li>Anzeige aller empfangenen Objektinformationen (Schiffsdaten)<\/li>\n<li>Anzeige der Lichterf\u00fchrung (Basic Lights)<\/li>\n<li>Filter zum Ausblenden schlafender oder ungef\u00e4hrlicher Objekte<\/li>\n<li>Warnung vor Schiffen, die in der derzeitigen Zoom-Stufe nicht sichtbar sind<\/li>\n<li>Akustischer Alarm bei neuen und\/oder gef\u00e4hrlichen Schiffen<\/li>\n<li>Automatische L\u00f6schung nach einstellbarem Zeitintervall (kein Empfang mehr)<\/li>\n<li>Zoombereich von 0,5 bis 120 Seemeilen<\/li>\n<li>AIS-Monitor vergr\u00f6\u00dferbar bis zur vollen Bildschirmgr\u00f6\u00dfe<\/li>\n<li>Linienst\u00e4rken, Farben und Hintergrundbild w\u00e4hlbar<\/li>\n<li>Automatische Speicherung der Schiffsdaten zur schnellen Identifikation<\/li>\n<li>Das eigene Schiff wird (wie beim Radar) immer mittig zentriert<\/li>\n<li>COG UP oder North UP Darstellung<\/li>\n<li>Manuelle Positionseingabe, falls kein GPS Signal verf\u00fcgbar ist<\/li>\n<li>Kontrollfenster der empfangenen AIS- und GPS-Daten (NMEA Meldungen)<\/li>\n<li>Sortierung der Objektliste nach w\u00e4hlbaren Kriterien (z.B. Entfernung zum Objekt)<\/li>\n<li>AIS Radar Pro ist IP netzwerkf\u00e4hig. Mehrere PC\u2019s sind anschlie\u00dfbar.<\/li>\n<li>Schnittstelle zu GOOGLE Earth<\/li>\n<\/ul>\n<p>Die Software <a href=\"http:\/\/www.rgmarine.de\/aisradarpro\/download\/AisRadarPro.zip\">AIS Radar Pro<\/a> ist unter Win7 bis Win10 f\u00fcr nicht kommerzielle Zwecke installierbar und benutzbar. Eine <a href=\"http:\/\/rgmarine.de\/aisradarpro\/AIS%20Radar%20Pro.htm\">Online-Dokumentation<\/a> befindet sich hier. Es gibt auch eine ausf\u00fchrliche Dokumentation in PDF-Form die im Zip-File der Software enthalten ist.<\/p>\n<p><img loading=\"lazy\" decoding=\"async\" class=\"alignnone wp-image-1011 size-full\" src=\"https:\/\/open-boat-projects.org\/wp-content\/uploads\/2020\/09\/AIS_Radar_Pro_3.png\" alt=\"\" width=\"783\" height=\"563\" srcset=\"https:\/\/open-boat-projects.org\/wp-content\/uploads\/2020\/09\/AIS_Radar_Pro_3.png 783w, https:\/\/open-boat-projects.org\/wp-content\/uploads\/2020\/09\/AIS_Radar_Pro_3-300x216.png 300w, https:\/\/open-boat-projects.org\/wp-content\/uploads\/2020\/09\/AIS_Radar_Pro_3-768x552.png 768w\" sizes=\"auto, (max-width: 783px) 100vw, 783px\" \/><\/p>\n<p>Abb.: Datenschema<\/p>\n<p><img loading=\"lazy\" decoding=\"async\" class=\"alignnone wp-image-1012 size-full\" src=\"https:\/\/open-boat-projects.org\/wp-content\/uploads\/2020\/09\/AIS_Radar_Pro_2.png\" alt=\"\" width=\"569\" height=\"225\" srcset=\"https:\/\/open-boat-projects.org\/wp-content\/uploads\/2020\/09\/AIS_Radar_Pro_2.png 569w, https:\/\/open-boat-projects.org\/wp-content\/uploads\/2020\/09\/AIS_Radar_Pro_2-300x119.png 300w\" sizes=\"auto, (max-width: 569px) 100vw, 569px\" \/><\/p>\n<p>Abb.: NMEA Datenstrom \u00fcber serielle Schnittstellen<\/p>\n<p><img loading=\"lazy\" decoding=\"async\" class=\"alignnone wp-image-1010 size-full\" src=\"https:\/\/open-boat-projects.org\/wp-content\/uploads\/2020\/09\/AIS_Radar_Pro_4.png\" alt=\"\" width=\"539\" height=\"490\" srcset=\"https:\/\/open-boat-projects.org\/wp-content\/uploads\/2020\/09\/AIS_Radar_Pro_4.png 539w, https:\/\/open-boat-projects.org\/wp-content\/uploads\/2020\/09\/AIS_Radar_Pro_4-300x273.png 300w\" sizes=\"auto, (max-width: 539px) 100vw, 539px\" \/><\/p>\n<p>Abb.: Verteilung der AIS-Informationen im IP-Netzwerk an verschiedene Rechner<\/p>\n<p>&nbsp;<\/p>\n","protected":false},"excerpt":{"rendered":"<p>AIS Radar Pro empf\u00e4ngt die AIS-Meldungen vom angeschlossenen AIS-Empf\u00e4nger (Receiver), dekodiert die enthaltenen Informationen und zeigt diese grafisch und in Textform an. Aus den erhaltenen Positions- und Geschwindigkeitsdaten ermittelt\u00a0 AIS Radar\u00a0 m\u00f6gliche Kollisionsgegner, den Abstand in Seemeilen und Minuten zur dichtesten Ann\u00e4herung an den Kollisionsgegner, sowie Ort und Zeitpunkt einer m\u00f6glichen Kollision. AIS Radar Pro&hellip; <a href=\"https:\/\/open-boat-projects.org\/de\/ais-radar-pro\/\" class=\"more-link\">Weiterlesen <span class=\"screen-reader-text\">AIS Radar Pro<\/span><\/a><\/p>\n","protected":false},"author":2,"featured_media":0,"parent":0,"menu_order":0,"comment_status":"closed","ping_status":"closed","template":"","meta":{"footnotes":""},"categories":[37],"tags":[],"class_list":["post-1008","page","type-page","status-publish","hentry","category-projects"],"_links":{"self":[{"href":"https:\/\/open-boat-projects.org\/de\/wp-json\/wp\/v2\/pages\/1008","targetHints":{"allow":["GET"]}}],"collection":[{"href":"https:\/\/open-boat-projects.org\/de\/wp-json\/wp\/v2\/pages"}],"about":[{"href":"https:\/\/open-boat-projects.org\/de\/wp-json\/wp\/v2\/types\/page"}],"author":[{"embeddable":true,"href":"https:\/\/open-boat-projects.org\/de\/wp-json\/wp\/v2\/users\/2"}],"replies":[{"embeddable":true,"href":"https:\/\/open-boat-projects.org\/de\/wp-json\/wp\/v2\/comments?post=1008"}],"version-history":[{"count":1,"href":"https:\/\/open-boat-projects.org\/de\/wp-json\/wp\/v2\/pages\/1008\/revisions"}],"predecessor-version":[{"id":1014,"href":"https:\/\/open-boat-projects.org\/de\/wp-json\/wp\/v2\/pages\/1008\/revisions\/1014"}],"wp:attachment":[{"href":"https:\/\/open-boat-projects.org\/de\/wp-json\/wp\/v2\/media?parent=1008"}],"wp:term":[{"taxonomy":"category","embeddable":true,"href":"https:\/\/open-boat-projects.org\/de\/wp-json\/wp\/v2\/categories?post=1008"},{"taxonomy":"post_tag","embeddable":true,"href":"https:\/\/open-boat-projects.org\/de\/wp-json\/wp\/v2\/tags?post=1008"}],"curies":[{"name":"wp","href":"https:\/\/api.w.org\/{rel}","templated":true}]}}